{"id":242735,"date":"2022-05-13T16:53:29","date_gmt":"2022-05-13T14:53:29","guid":{"rendered":"https:\/\/beecare.ch\/?page_id=242735"},"modified":"2025-10-03T10:35:42","modified_gmt":"2025-10-03T08:35:42","slug":"hausliche-pflege","status":"publish","type":"page","link":"https:\/\/beecare.ch\/de\/hausliche-pflege\/","title":{"rendered":"H\u00e4usliche Pflege"},"content":{"rendered":"\t\t<div data-elementor-type=\"wp-page\" data-elementor-id=\"242735\" class=\"elementor elementor-242735 elementor-240318\" data-elementor-post-type=\"page\">\n\t\t\t\t\t\t<section class=\"elementor-section elementor-top-section elementor-element elementor-element-448b12d elementor-section-height-min-height elementor-section-content-middle elementor-section-boxed elementor-section-height-default elementor-section-items-middle wpr-particle-no wpr-jarallax-no wpr-parallax-no wpr-sticky-section-no wpr-column-slider-no wpr-equal-height-no\" data-id=\"448b12d\" data-element_type=\"section\" data-e-type=\"section\" data-settings=\"{&quot;background_background&quot;:&quot;classic&quot;}\">\n\t\t\t\t\t\t\t<div class=\"elementor-background-overlay\"><\/div>\n\t\t\t\t\t\t\t<div class=\"elementor-container elementor-column-gap-no\">\n\t\t\t\t\t<div class=\"elementor-column elementor-col-100 elementor-top-column elementor-element elementor-element-b1cd3e9\" data-id=\"b1cd3e9\" data-element_type=\"column\" data-e-type=\"column\">\n\t\t\t<div class=\"elementor-widget-wrap\">\n\t\t\t\t\t\t\t<\/div>\n\t\t<\/div>\n\t\t\t\t\t<\/div>\n\t\t<\/section>\n\t\t\t\t<section class=\"elementor-section elementor-top-section elementor-element elementor-element-f970a4a elementor-section-content-middle elementor-section-boxed elementor-section-height-default elementor-section-height-default wpr-particle-no wpr-jarallax-no wpr-parallax-no wpr-sticky-section-no wpr-column-slider-no wpr-equal-height-no\" data-id=\"f970a4a\" data-element_type=\"section\" data-e-type=\"section\" data-settings=\"{&quot;background_background&quot;:&quot;classic&quot;}\">\n\t\t\t\t\t\t<div class=\"elementor-container elementor-column-gap-no\">\n\t\t\t\t\t<div class=\"elementor-column elementor-col-100 elementor-top-column elementor-element elementor-element-1edf369\" data-id=\"1edf369\" data-element_type=\"column\" data-e-type=\"column\">\n\t\t\t<div class=\"elementor-widget-wrap elementor-element-populated\">\n\t\t\t\t\t\t<div class=\"elementor-element elementor-element-297067b elementor-widget elementor-widget-video\" data-id=\"297067b\" data-element_type=\"widget\" data-e-type=\"widget\" data-settings=\"{&quot;youtube_url&quot;:&quot;https:\\\/\\\/www.youtube.com\\\/watch?v=2_uOwERRSSQ&quot;,&quot;video_type&quot;:&quot;youtube&quot;,&quot;controls&quot;:&quot;yes&quot;}\" data-widget_type=\"video.default\">\n\t\t\t\t\t\t\t<div class=\"elementor-wrapper elementor-open-inline\">\n\t\t\t<div class=\"elementor-video\"><\/div>\t\t<\/div>\n\t\t\t\t\t\t<\/div>\n\t\t\t\t\t<\/div>\n\t\t<\/div>\n\t\t\t\t\t<\/div>\n\t\t<\/section>\n\t\t\t\t<section class=\"elementor-section elementor-top-section elementor-element elementor-element-6943720 elementor-section-content-middle elementor-section-boxed elementor-section-height-default elementor-section-height-default wpr-particle-no wpr-jarallax-no wpr-parallax-no wpr-sticky-section-no wpr-column-slider-no wpr-equal-height-no\" data-id=\"6943720\" data-element_type=\"section\" data-e-type=\"section\">\n\t\t\t\t\t\t<div class=\"elementor-container elementor-column-gap-no\">\n\t\t\t\t\t<div class=\"elementor-column elementor-col-50 elementor-top-column elementor-element elementor-element-540bf749\" data-id=\"540bf749\" data-element_type=\"column\" data-e-type=\"column\" data-settings=\"{&quot;background_background&quot;:&quot;classic&quot;}\">\n\t\t\t<div class=\"elementor-widget-wrap elementor-element-populated\">\n\t\t\t\t\t\t<div class=\"elementor-element elementor-element-27b3d48 elementor-widget elementor-widget-spacer\" data-id=\"27b3d48\" data-element_type=\"widget\" data-e-type=\"widget\" data-widget_type=\"spacer.default\">\n\t\t\t\t\t\t\t<div class=\"elementor-spacer\">\n\t\t\t<div class=\"elementor-spacer-inner\"><\/div>\n\t\t<\/div>\n\t\t\t\t\t\t<\/div>\n\t\t\t\t\t<\/div>\n\t\t<\/div>\n\t\t\t\t<div class=\"elementor-column elementor-col-50 elementor-top-column elementor-element elementor-element-6e3250b6\" data-id=\"6e3250b6\" data-element_type=\"column\" data-e-type=\"column\">\n\t\t\t<div class=\"elementor-widget-wrap elementor-element-populated\">\n\t\t\t\t\t\t<div class=\"elementor-element elementor-element-1ec85d9b elementor-widget elementor-widget-heading\" data-id=\"1ec85d9b\" data-element_type=\"widget\" data-e-type=\"widget\" data-widget_type=\"heading.default\">\n\t\t\t\t\t<h1 class=\"elementor-heading-title elementor-size-default\">H\u00e4usliche Altenpflege<\/h1>\t\t\t\t<\/div>\n\t\t\t\t<div class=\"elementor-element elementor-element-5c9e517e elementor-widget elementor-widget-text-editor\" data-id=\"5c9e517e\" data-element_type=\"widget\" data-e-type=\"widget\" data-widget_type=\"text-editor.default\">\n\t\t\t\t\t\t\t\t\t<p><strong>Der h\u00e4usliche Pflegedienst<\/strong> von <strong>BeeCare<\/strong> soll es Menschen, die sich nicht mehr selbst versorgen k\u00f6nnen, erm\u00f6glichen, weiterhin zu Hause zu leben und dabei von der Kontinuit\u00e4t der vertrauten Umgebung und der eigenen Gewohnheiten zu profitieren.<\/p>\n<p>Gemeinsam mit den Angeh\u00f6rigen organisieren wir den <strong>Plan f\u00fcr eine kontinuierliche<\/strong> oder teilweise Pflege, tags\u00fcber oder nachts, je nach dem Bed\u00fcrfnis der Familie, eine qualitativ hochwertige Zeit mit ihrem Angeh\u00f6rigen zu verbringen, wobei sich Momente der Erholung abwechseln.<\/p>\n<p>Wenn wir einen Anruf von einer Familie erhalten, die eine Pflegekraft sucht, m\u00f6chten wir die Person zun\u00e4chst kennen lernen, denn der Empfang der Person, die uns gegen\u00fcbersteht, ist die Grundlage unserer Arbeit.<\/p>\n<p>Von hier aus beginnen wir mit der Erstellung eines Pflegeplans, der mit allen beteiligten Fachleuten, vom behandelnden Arzt bis zum Physiotherapeuten, abgestimmt ist.<\/p>\n<p>Das Markenzeichen der h\u00e4uslichen Pflege von BeeCare ist, dass wir niemals die Pflegeperson einer Familie wechseln, es sei denn, es gibt ein ernsthaftes Problem, das von der Familie oder der Pflegeperson angezeigt wird.<\/p>\n<p>Wir glauben, dass dies von grundlegender Bedeutung ist, um die Familie zu beruhigen und eine vertrauensvolle Beziehung zu der \u00e4lteren Person aufzubauen, die ein paar vertraute Gesichter um sich haben muss.<\/p>\n\t\t\t\t\t\t\t\t<\/div>\n\t\t\t\t\t<\/div>\n\t\t<\/div>\n\t\t\t\t\t<\/div>\n\t\t<\/section>\n\t\t\t\t<section class=\"elementor-section elementor-top-section elementor-element elementor-element-76a8ce2 elementor-section-content-middle elementor-section-boxed elementor-section-height-default elementor-section-height-default wpr-particle-no wpr-jarallax-no wpr-parallax-no wpr-sticky-section-no wpr-column-slider-no wpr-equal-height-no\" data-id=\"76a8ce2\" data-element_type=\"section\" data-e-type=\"section\" data-settings=\"{&quot;background_background&quot;:&quot;classic&quot;}\">\n\t\t\t\t\t\t<div class=\"elementor-container elementor-column-gap-no\">\n\t\t\t\t\t<div class=\"elementor-column elementor-col-50 elementor-top-column elementor-element elementor-element-7671e82\" data-id=\"7671e82\" data-element_type=\"column\" data-e-type=\"column\" data-settings=\"{&quot;background_background&quot;:&quot;classic&quot;}\">\n\t\t\t<div class=\"elementor-widget-wrap elementor-element-populated\">\n\t\t\t\t\t\t<div class=\"elementor-element elementor-element-21787ab elementor-widget elementor-widget-spacer\" data-id=\"21787ab\" data-element_type=\"widget\" data-e-type=\"widget\" data-widget_type=\"spacer.default\">\n\t\t\t\t\t\t\t<div class=\"elementor-spacer\">\n\t\t\t<div class=\"elementor-spacer-inner\"><\/div>\n\t\t<\/div>\n\t\t\t\t\t\t<\/div>\n\t\t\t\t\t<\/div>\n\t\t<\/div>\n\t\t\t\t<div class=\"elementor-column elementor-col-50 elementor-top-column elementor-element elementor-element-4c5d807\" data-id=\"4c5d807\" data-element_type=\"column\" data-e-type=\"column\">\n\t\t\t<div class=\"elementor-widget-wrap elementor-element-populated\">\n\t\t\t\t\t\t<div class=\"elementor-element elementor-element-f8432f6 elementor-widget elementor-widget-heading\" data-id=\"f8432f6\" data-element_type=\"widget\" data-e-type=\"widget\" data-widget_type=\"heading.default\">\n\t\t\t\t\t<h2 class=\"elementor-heading-title elementor-size-default\">Wir lassen die Familie nie allein<\/h2>\t\t\t\t<\/div>\n\t\t\t\t<div class=\"elementor-element elementor-element-53f681c elementor-widget elementor-widget-text-editor\" data-id=\"53f681c\" data-element_type=\"widget\" data-e-type=\"widget\" data-widget_type=\"text-editor.default\">\n\t\t\t\t\t\t\t\t\t<p>Unser Service ist so konzipiert, dass die Familie bei der Pflege \u00e4lterer Menschen zu Hause nicht allein gelassen wird. Die h\u00e4uslichen Pflegekr\u00e4fte haben einen Vertrag mit BeeCare, das f\u00fcr die Verwaltung des Personals verantwortlich ist und die Kontinuit\u00e4t der Pflege garantiert, falls die Pflegekraft eine Behinderung hat oder krank wird und deshalb nicht zur Arbeit gehen kann.<\/p>\n<p>F\u00fcr Familienangeh\u00f6rige ist es wichtig, eine einzige Anlaufstelle zu haben, mit der sie alle Aspekte der Pflege besprechen k\u00f6nnen, von der Suche nach einer ausgewogenen L\u00f6sung zwischen z. B. Pflegekraft und Tagesst\u00e4tte bis hin zur Beantragung finanzieller Unterst\u00fctzung, auf die die \u00e4ltere Person Anspruch hat.<\/p>\n\t\t\t\t\t\t\t\t<\/div>\n\t\t\t\t\t<\/div>\n\t\t<\/div>\n\t\t\t\t\t<\/div>\n\t\t<\/section>\n\t\t\t\t<section class=\"elementor-section elementor-top-section elementor-element elementor-element-6a5cde4 elementor-section-content-middle elementor-section-boxed elementor-section-height-default elementor-section-height-default wpr-particle-no wpr-jarallax-no wpr-parallax-no wpr-sticky-section-no wpr-column-slider-no wpr-equal-height-no\" data-id=\"6a5cde4\" data-element_type=\"section\" data-e-type=\"section\">\n\t\t\t\t\t\t<div class=\"elementor-container elementor-column-gap-no\">\n\t\t\t\t\t<div class=\"elementor-column elementor-col-50 elementor-top-column elementor-element elementor-element-4aa414a\" data-id=\"4aa414a\" data-element_type=\"column\" data-e-type=\"column\" data-settings=\"{&quot;background_background&quot;:&quot;classic&quot;}\">\n\t\t\t<div class=\"elementor-widget-wrap elementor-element-populated\">\n\t\t\t\t\t\t<div class=\"elementor-element elementor-element-9d136e1 elementor-widget elementor-widget-spacer\" data-id=\"9d136e1\" data-element_type=\"widget\" data-e-type=\"widget\" data-widget_type=\"spacer.default\">\n\t\t\t\t\t\t\t<div class=\"elementor-spacer\">\n\t\t\t<div class=\"elementor-spacer-inner\"><\/div>\n\t\t<\/div>\n\t\t\t\t\t\t<\/div>\n\t\t\t\t\t<\/div>\n\t\t<\/div>\n\t\t\t\t<div class=\"elementor-column elementor-col-50 elementor-top-column elementor-element elementor-element-56f4394\" data-id=\"56f4394\" data-element_type=\"column\" data-e-type=\"column\">\n\t\t\t<div class=\"elementor-widget-wrap elementor-element-populated\">\n\t\t\t\t\t\t<div class=\"elementor-element elementor-element-8d1e64c elementor-widget elementor-widget-heading\" data-id=\"8d1e64c\" data-element_type=\"widget\" data-e-type=\"widget\" data-widget_type=\"heading.default\">\n\t\t\t\t\t<h2 class=\"elementor-heading-title elementor-size-default\">BeeCare-Haushaltshilfen k\u00f6nnen Sie bei folgenden Aufgaben unterst\u00fctzen:<\/h2>\t\t\t\t<\/div>\n\t\t\t\t<div class=\"elementor-element elementor-element-a3e914f elementor-widget elementor-widget-text-editor\" data-id=\"a3e914f\" data-element_type=\"widget\" data-e-type=\"widget\" data-widget_type=\"text-editor.default\">\n\t\t\t\t\t\t\t\t\t<ul>\n<li>Anwesenheit tags\u00fcber<\/li>\n<li>T\u00e4gliches Aufr\u00e4umen und Reinigen<\/li>\n<li>Zubereitung und\/oder Servieren von Mahlzeiten<\/li>\n<li>W\u00e4sche waschen, b\u00fcgeln und ausbessern<\/li>\n<li>Erledigung von Besorgungen<\/li>\n<li>Begleitung von<\/li>\n<li>Spazierg\u00e4nge<\/li>\n<li>N\u00e4chtliche Anwesenheit<\/li>\n<\/ul>\n\t\t\t\t\t\t\t\t<\/div>\n\t\t\t\t\t<\/div>\n\t\t<\/div>\n\t\t\t\t\t<\/div>\n\t\t<\/section>\n\t\t\t\t<section class=\"elementor-section elementor-top-section elementor-element elementor-element-3bb2915 elementor-section-content-middle elementor-section-boxed elementor-section-height-default elementor-section-height-default wpr-particle-no wpr-jarallax-no wpr-parallax-no wpr-sticky-section-no wpr-column-slider-no wpr-equal-height-no\" data-id=\"3bb2915\" data-element_type=\"section\" data-e-type=\"section\" data-settings=\"{&quot;background_background&quot;:&quot;classic&quot;}\">\n\t\t\t\t\t\t<div class=\"elementor-container elementor-column-gap-no\">\n\t\t\t\t\t<div class=\"elementor-column elementor-col-50 elementor-top-column elementor-element elementor-element-c47ac1a\" data-id=\"c47ac1a\" data-element_type=\"column\" data-e-type=\"column\" data-settings=\"{&quot;background_background&quot;:&quot;classic&quot;}\">\n\t\t\t<div class=\"elementor-widget-wrap elementor-element-populated\">\n\t\t\t\t\t\t<div class=\"elementor-element elementor-element-5ab1bcc elementor-widget elementor-widget-spacer\" data-id=\"5ab1bcc\" data-element_type=\"widget\" data-e-type=\"widget\" data-widget_type=\"spacer.default\">\n\t\t\t\t\t\t\t<div class=\"elementor-spacer\">\n\t\t\t<div class=\"elementor-spacer-inner\"><\/div>\n\t\t<\/div>\n\t\t\t\t\t\t<\/div>\n\t\t\t\t\t<\/div>\n\t\t<\/div>\n\t\t\t\t<div class=\"elementor-column elementor-col-50 elementor-top-column elementor-element elementor-element-4b5ab2d\" data-id=\"4b5ab2d\" data-element_type=\"column\" data-e-type=\"column\">\n\t\t\t<div class=\"elementor-widget-wrap elementor-element-populated\">\n\t\t\t\t\t\t<div class=\"elementor-element elementor-element-ce7244c elementor-widget elementor-widget-heading\" data-id=\"ce7244c\" data-element_type=\"widget\" data-e-type=\"widget\" data-widget_type=\"heading.default\">\n\t\t\t\t\t<h2 class=\"elementor-heading-title elementor-size-default\">Einige typische Situationen<\/h2>\t\t\t\t<\/div>\n\t\t\t\t<div class=\"elementor-element elementor-element-8631520 elementor-widget elementor-widget-text-editor\" data-id=\"8631520\" data-element_type=\"widget\" data-e-type=\"widget\" data-widget_type=\"text-editor.default\">\n\t\t\t\t\t\t\t\t\t<p>Nach einer gr\u00fcndlichen Analyse der Situation und Ihrer Bed\u00fcrfnisse schlagen wir Ihnen integrierte private Dienstleistungen vor, die Ihren Bed\u00fcrfnissen und M\u00f6glichkeiten entsprechen.<\/p>\n<p><span style=\"color: #febe01;\"><strong>Situation 1:<\/strong><\/span><br \/><span style=\"color: #febe01;\"><strong>Guten Morgen, meine Mutter Luisa ist nicht mehr in der Lage, tags\u00fcber allein zu sein, da sie an Demenz erkrankt ist und nicht mehr wei\u00df, wo sie ist. Wir, meine Frau und ich, wohnen in der Wohnung \u00fcber ihr, aber wir arbeiten beide. Meine Mutter geht dienstags und donnerstags vormittags in die Tagesst\u00e4tte. Wie k\u00f6nnen wir uns in der \u00fcbrigen Zeit organisieren?<\/strong><\/span><\/p>\n<p>Wir haben den Aufenthalt in der Tagesst\u00e4tte auf den ganzen Tag ausgedehnt. In Absprache mit dem behandelnden Arzt haben wir zweimal w\u00f6chentlich eine Betreuungsassistentin aktiviert, die Frau Luisa von 8.00 bis 9.00 Uhr vorbereitet und dann mit ihr auf die Ankunft des ausgew\u00e4hlten Dienstbusses wartet, der sie zum Tageszentrum begleitet. Die R\u00fcckfahrt wird von ihrer Schwiegertochter organisiert. An den anderen Tagen ist Frau Anna, die Mitarbeiterin von BeeCare, daf\u00fcr zust\u00e4ndig, bei Frau Luisa zu bleiben und die Tagesaktivit\u00e4ten zu erledigen, wie z. B. den Haushalt f\u00fchren, einkaufen, spazieren gehen, gemeinsam kochen usw.<\/p>\n<p><span style=\"color: #febe01;\"><strong>Situation 2:<\/strong><\/span><br \/><span style=\"color: #febe01;\"><strong>Guten Morgen, ich k\u00fcmmere mich um meinen Mann Franco, der an der Parkinson-Krankheit leidet. Ich kann ihn nicht allein lassen. In den letzten Monaten habe ich festgestellt, dass er sehr m\u00fcde ist und es ihm nicht gut tut, mich bei all meinen Aufgaben zu begleiten. Aber ich muss auch andere Dinge tun. Wie k\u00f6nnen wir uns organisieren?<\/strong><\/span><\/p>\n<p>In diesem Fall geht es darum, der Frau einige Nachmittage freizugeben, damit sie ihre Besorgungen machen kann, ohne ihren Mann zwingen zu m\u00fcssen, ihr zu folgen und ihn noch m\u00fcder zu machen. In Absprache mit der Ehefrau und dem Ehemann meldeten wir den Ehemann in einem Fitnessstudio an, in dem Boxaktivit\u00e4ten f\u00fcr Menschen mit Parkinson-Krankheit angeboten werden. Nach anf\u00e4nglicher Zur\u00fcckhaltung ist der Ehemann begeistert. An drei weiteren Nachmittagen verbringt Frau Cinzia, die Mitarbeiterin von BeeCare, den Nachmittag mit Herrn Franco: Spazierg\u00e4nge, Lesen, Fernsehen, usw.<\/p>\n<p><span style=\"color: #febe01;\"><strong>Situation drei:<\/strong><\/span><br \/><span style=\"color: #febe01;\"><strong>Guten Morgen, meine Mutter, Carla, ist dieses Jahr 94 Jahre alt und seit dem Tod meines Vaters, ihres Mannes, hat sie keine Lust mehr, nachts allein zu Hause zu bleiben. Sie h\u00e4tte gerne jemanden, der bei ihr bleibt. Wir hatten eine Dame, aber sie geht in einem Monat zur\u00fcck nach Portugal in den Ruhestand. Wir Kinder h\u00e4tten auch gerne eine Frau, die meiner Mutter morgens hilft, aufzustehen, sich zu waschen, anzuziehen und das Fr\u00fchst\u00fcck f\u00fcr sie vorzubereiten. Dann k\u00f6nnte sie auch gehen und abends zur\u00fcckkommen.<\/strong><\/span><\/p>\n<p>Wir haben die Woche in zwei Teile geteilt und zwei unserer vertrauten Helferinnen, Anna und Linda, zur Verf\u00fcgung gestellt. Die beiden k\u00fcmmern sich darum, Frau Carla ins Bett zu bringen, und schlafen im Nebenzimmer, damit sie einspringen k\u00f6nnen, wenn Frau Carla sie ruft, um ein Glas Wasser zu holen oder zur Toilette zu gehen. Morgens helfen sie Frau Carla beim Waschen und Anziehen und bereiten dann das Fr\u00fchst\u00fcck f\u00fcr sie vor. Nachdem sie die K\u00fcche und das Schlafzimmer aufger\u00e4umt haben, verabschieden sie sich von Frau Carla und verlassen das Haus um 10 Uhr. Am Abend kehren sie zur\u00fcck.<\/p>\n\t\t\t\t\t\t\t\t<\/div>\n\t\t\t\t\t<\/div>\n\t\t<\/div>\n\t\t\t\t\t<\/div>\n\t\t<\/section>\n\t\t<div class=\"elementor-element elementor-element-028b751 e-con-full e-flex wpr-particle-no wpr-jarallax-no wpr-parallax-no wpr-sticky-section-no wpr-column-slider-no wpr-equal-height-no e-con e-parent\" data-id=\"028b751\" data-element_type=\"container\" data-e-type=\"container\" data-settings=\"{&quot;background_background&quot;:&quot;classic&quot;}\">\n\t\t\t\t<div class=\"elementor-element elementor-element-c2f0f48 elementor-widget elementor-widget-heading\" data-id=\"c2f0f48\" data-element_type=\"widget\" data-e-type=\"widget\" data-widget_type=\"heading.default\">\n\t\t\t\t\t<span class=\"elementor-heading-title elementor-size-default\">Haben Sie weitere Fragen?<\/span>\t\t\t\t<\/div>\n\t\t\t\t<div class=\"elementor-element elementor-element-636aab4 elementor-align-center elementor-widget elementor-widget-button\" data-id=\"636aab4\" data-element_type=\"widget\" data-e-type=\"widget\" data-widget_type=\"button.default\">\n\t\t\t\t\t\t\t\t\t\t<a class=\"elementor-button elementor-button-link elementor-size-sm\" href=\"https:\/\/beecare.ch\/de\/kontakt\/\">\n\t\t\t\t\t\t<span class=\"elementor-button-content-wrapper\">\n\t\t\t\t\t\t\t\t\t<span class=\"elementor-button-text\">Kontakt<\/span>\n\t\t\t\t\t<\/span>\n\t\t\t\t\t<\/a>\n\t\t\t\t\t\t\t\t<\/div>\n\t\t\t\t<\/div>\n\t\t\t\t<\/div>\n\t\t","protected":false},"excerpt":{"rendered":"<p>H\u00e4usliche Altenpflege Der h\u00e4usliche Pflegedienst von BeeCare soll es Menschen, die sich nicht mehr selbst versorgen k\u00f6nnen, erm\u00f6glichen, weiterhin zu Hause zu leben und dabei von der Kontinuit\u00e4t der vertrauten Umgebung und der eigenen Gewohnheiten zu profitieren. Gemeinsam mit den Angeh\u00f6rigen organisieren wir den Plan f\u00fcr eine kontinuierliche oder teilweise Pflege, tags\u00fcber oder nachts, je nach dem Bed\u00fcrfnis der Familie, eine qualitativ hochwertige Zeit mit ihrem Angeh\u00f6rigen zu verbringen, wobei sich Momente der Erholung abwechseln. Wenn wir einen Anruf von einer Familie erhalten, die eine Pflegekraft sucht, m\u00f6chten wir die Person zun\u00e4chst kennen lernen, denn der Empfang der Person, die uns gegen\u00fcbersteht, ist die Grundlage unserer Arbeit. Von hier aus beginnen wir mit der Erstellung eines Pflegeplans, der mit allen beteiligten Fachleuten, vom behandelnden Arzt bis zum Physiotherapeuten, abgestimmt ist. Das Markenzeichen der h\u00e4uslichen Pflege von BeeCare ist, dass wir niemals die Pflegeperson einer Familie wechseln, es sei denn, es gibt ein ernsthaftes Problem, das von der Familie oder der Pflegeperson angezeigt wird. Wir glauben, dass dies von grundlegender Bedeutung ist, um die Familie zu beruhigen und eine vertrauensvolle Beziehung zu der \u00e4lteren Person aufzubauen, die ein paar vertraute Gesichter um sich haben muss. Wir lassen die Familie nie allein Unser Service ist so konzipiert, dass die Familie bei der Pflege \u00e4lterer Menschen zu Hause nicht allein gelassen wird. Die h\u00e4uslichen Pflegekr\u00e4fte haben einen Vertrag mit BeeCare, das f\u00fcr die Verwaltung des Personals verantwortlich ist und die Kontinuit\u00e4t der Pflege garantiert, falls die Pflegekraft eine Behinderung hat oder krank wird und deshalb nicht zur Arbeit gehen kann. F\u00fcr Familienangeh\u00f6rige ist es wichtig, eine einzige Anlaufstelle zu haben, mit der sie alle Aspekte der Pflege besprechen k\u00f6nnen, von der Suche nach einer ausgewogenen L\u00f6sung zwischen z. B. Pflegekraft und Tagesst\u00e4tte bis hin zur Beantragung finanzieller Unterst\u00fctzung, auf die die \u00e4ltere Person Anspruch hat. BeeCare-Haushaltshilfen k\u00f6nnen Sie bei folgenden Aufgaben unterst\u00fctzen: Anwesenheit tags\u00fcber T\u00e4gliches Aufr\u00e4umen und Reinigen Zubereitung und\/oder Servieren von Mahlzeiten W\u00e4sche waschen, b\u00fcgeln und ausbessern Erledigung von Besorgungen Begleitung von Spazierg\u00e4nge N\u00e4chtliche Anwesenheit Einige typische Situationen Nach einer gr\u00fcndlichen Analyse der Situation und Ihrer Bed\u00fcrfnisse schlagen wir Ihnen integrierte private Dienstleistungen vor, die Ihren Bed\u00fcrfnissen und M\u00f6glichkeiten entsprechen. Situation 1:Guten Morgen, meine Mutter Luisa ist nicht mehr in der Lage, tags\u00fcber allein zu sein, da sie an Demenz erkrankt ist und nicht mehr wei\u00df, wo sie ist. Wir, meine Frau und ich, wohnen in der Wohnung \u00fcber ihr, aber wir arbeiten beide. Meine Mutter geht dienstags und donnerstags vormittags in die Tagesst\u00e4tte. Wie k\u00f6nnen wir uns in der \u00fcbrigen Zeit organisieren? Wir haben den Aufenthalt in der Tagesst\u00e4tte auf den ganzen Tag ausgedehnt. In Absprache mit dem behandelnden Arzt haben wir zweimal w\u00f6chentlich eine Betreuungsassistentin aktiviert, die Frau Luisa von 8.00 bis 9.00 Uhr vorbereitet und dann mit ihr auf die Ankunft des ausgew\u00e4hlten Dienstbusses wartet, der sie zum Tageszentrum begleitet. Die R\u00fcckfahrt wird von ihrer Schwiegertochter organisiert. An den anderen Tagen ist Frau Anna, die Mitarbeiterin von BeeCare, daf\u00fcr zust\u00e4ndig, bei Frau Luisa zu bleiben und die Tagesaktivit\u00e4ten zu erledigen, wie z. B. den Haushalt f\u00fchren, einkaufen, spazieren gehen, gemeinsam kochen usw. Situation 2:Guten Morgen, ich k\u00fcmmere mich um meinen Mann Franco, der an der Parkinson-Krankheit leidet. Ich kann ihn nicht allein lassen. In den letzten Monaten habe ich festgestellt, dass er sehr m\u00fcde ist und es ihm nicht gut tut, mich bei all meinen Aufgaben zu begleiten. Aber ich muss auch andere Dinge tun. Wie k\u00f6nnen wir uns organisieren? In diesem Fall geht es darum, der Frau einige Nachmittage freizugeben, damit sie ihre Besorgungen machen kann, ohne ihren Mann zwingen zu m\u00fcssen, ihr zu folgen und ihn noch m\u00fcder zu machen. In Absprache mit der Ehefrau und dem Ehemann meldeten wir den Ehemann in einem Fitnessstudio an, in dem Boxaktivit\u00e4ten f\u00fcr Menschen mit Parkinson-Krankheit angeboten werden. Nach anf\u00e4nglicher Zur\u00fcckhaltung ist der Ehemann begeistert. An drei weiteren Nachmittagen verbringt Frau Cinzia, die Mitarbeiterin von BeeCare, den Nachmittag mit Herrn Franco: Spazierg\u00e4nge, Lesen, Fernsehen, usw. Situation drei:Guten Morgen, meine Mutter, Carla, ist dieses Jahr 94 Jahre alt und seit dem Tod meines Vaters, ihres Mannes, hat sie keine Lust mehr, nachts allein zu Hause zu bleiben. Sie h\u00e4tte gerne jemanden, der bei ihr bleibt. Wir hatten eine Dame, aber sie geht in einem Monat zur\u00fcck nach Portugal in den Ruhestand. Wir Kinder h\u00e4tten auch gerne eine Frau, die meiner Mutter morgens hilft, aufzustehen, sich zu waschen, anzuziehen und das Fr\u00fchst\u00fcck f\u00fcr sie vorzubereiten. Dann k\u00f6nnte sie auch gehen und abends zur\u00fcckkommen. Wir haben die Woche in zwei Teile geteilt und zwei unserer vertrauten Helferinnen, Anna und Linda, zur Verf\u00fcgung gestellt. Die beiden k\u00fcmmern sich darum, Frau Carla ins Bett zu bringen, und schlafen im Nebenzimmer, damit sie einspringen k\u00f6nnen, wenn Frau Carla sie ruft, um ein Glas Wasser zu holen oder zur Toilette zu gehen. Morgens helfen sie Frau Carla beim Waschen und Anziehen und bereiten dann das Fr\u00fchst\u00fcck f\u00fcr sie vor. Nachdem sie die K\u00fcche und das Schlafzimmer aufger\u00e4umt haben, verabschieden sie sich von Frau Carla und verlassen das Haus um 10 Uhr. Am Abend kehren sie zur\u00fcck. Haben Sie weitere Fragen? Kontakt<\/p>\n","protected":false},"author":4,"featured_media":0,"parent":0,"menu_order":0,"comment_status":"closed","ping_status":"closed","template":"elementor_header_footer","meta":{"_relevanssi_hide_post":"","_relevanssi_hide_content":"","_relevanssi_pin_for_all":"","_relevanssi_pin_keywords":"","_relevanssi_unpin_keywords":"","_relevanssi_related_keywords":"","_relevanssi_related_include_ids":"","_relevanssi_related_exclude_ids":"","_relevanssi_related_no_append":"","_relevanssi_related_not_related":"","_relevanssi_related_posts":"","_relevanssi_noindex_reason":"","inline_featured_image":false,"_mbp_gutenberg_autopost":false,"_pgmb_is_evergreen":true,"_pgmb_ap_template_id":0,"footnotes":""},"class_list":["post-242735","page","type-page","status-publish","hentry"],"_links":{"self":[{"href":"https:\/\/beecare.ch\/de\/wp-json\/wp\/v2\/pages\/242735","targetHints":{"allow":["GET"]}}],"collection":[{"href":"https:\/\/beecare.ch\/de\/wp-json\/wp\/v2\/pages"}],"about":[{"href":"https:\/\/beecare.ch\/de\/wp-json\/wp\/v2\/types\/page"}],"author":[{"embeddable":true,"href":"https:\/\/beecare.ch\/de\/wp-json\/wp\/v2\/users\/4"}],"replies":[{"embeddable":true,"href":"https:\/\/beecare.ch\/de\/wp-json\/wp\/v2\/comments?post=242735"}],"version-history":[{"count":0,"href":"https:\/\/beecare.ch\/de\/wp-json\/wp\/v2\/pages\/242735\/revisions"}],"wp:attachment":[{"href":"https:\/\/beecare.ch\/de\/wp-json\/wp\/v2\/media?parent=242735"}],"curies":[{"name":"wp","href":"https:\/\/api.w.org\/{rel}","templated":true}]}}