{"id":242753,"date":"2022-05-13T17:37:24","date_gmt":"2022-05-13T15:37:24","guid":{"rendered":"https:\/\/beecare.ch\/?page_id=242753"},"modified":"2024-02-26T13:54:30","modified_gmt":"2024-02-26T11:54:30","slug":"hausliche-krankenpflege","status":"publish","type":"page","link":"https:\/\/beecare.ch\/de\/hausliche-krankenpflege\/","title":{"rendered":"H\u00e4usliche Krankenpflege"},"content":{"rendered":"\t\t<div data-elementor-type=\"wp-page\" data-elementor-id=\"242753\" class=\"elementor elementor-242753 elementor-240350\" data-elementor-post-type=\"page\">\n\t\t\t\t\t\t<section class=\"elementor-section elementor-top-section elementor-element elementor-element-448b12d elementor-section-height-min-height elementor-section-content-middle elementor-section-boxed elementor-section-height-default elementor-section-items-middle wpr-particle-no wpr-jarallax-no wpr-parallax-no wpr-sticky-section-no\" data-id=\"448b12d\" data-element_type=\"section\" data-e-type=\"section\" data-settings=\"{&quot;background_background&quot;:&quot;classic&quot;}\">\n\t\t\t\t\t\t\t<div class=\"elementor-background-overlay\"><\/div>\n\t\t\t\t\t\t\t<div class=\"elementor-container elementor-column-gap-no\">\n\t\t\t\t\t<div class=\"elementor-column elementor-col-100 elementor-top-column elementor-element elementor-element-b1cd3e9\" data-id=\"b1cd3e9\" data-element_type=\"column\" data-e-type=\"column\">\n\t\t\t<div class=\"elementor-widget-wrap elementor-element-populated\">\n\t\t\t\t\t\t<div class=\"elementor-element elementor-element-a351c05 elementor-view-default elementor-widget elementor-widget-icon\" data-id=\"a351c05\" data-element_type=\"widget\" data-e-type=\"widget\" data-widget_type=\"icon.default\">\n\t\t\t\t\t\t\t<div class=\"elementor-icon-wrapper\">\n\t\t\t<div class=\"elementor-icon\">\n\t\t\t<svg xmlns=\"http:\/\/www.w3.org\/2000\/svg\" xmlns:xlink=\"http:\/\/www.w3.org\/1999\/xlink\" x=\"0px\" y=\"0px\" viewBox=\"0 0 64 64\" xml:space=\"preserve\"><g id=\"Grids\" display=\"none\">\t<g id=\"Grid_37_\" display=\"inline\">\t\t<g>\t\t\t<path fill=\"#FF0000\" d=\"M51.9,4.1v55.8H12.1V4.1H51.9 M52,4H12v56h40V4L52,4z\"><\/path>\t\t<\/g>\t\t<g>\t\t\t<path fill=\"#4600F0\" d=\"M59.9,12.1v39.8H4.1V12.1H59.9 M60,12H4v40h56V12L60,12z\"><\/path>\t\t<\/g>\t\t<g>\t\t\t<path fill=\"#F0C800\" d=\"M55.9,8.1v47.8H8.1V8.1H55.9 M56,8H8v48h48V8L56,8z\"><\/path>\t\t<\/g>\t\t<g>\t\t\t<path fill=\"#00F096\" d=\"M32,6.1c14.281,0,25.9,11.619,25.9,25.9S46.281,57.9,32,57.9S6.1,46.281,6.1,32S17.719,6.1,32,6.1 M32,6    C17.641,6,6,17.641,6,32s11.641,26,26,26s26-11.641,26-26S46.359,6,32,6L32,6z\"><\/path>\t\t<\/g>\t<\/g><\/g><g id=\"Captions\">\t<g>\t<\/g><\/g><g id=\"Icons\">\t<g>\t\t<path d=\"M46.5,20.34V17c0-3.178-1.578-6.13-4.223-7.896l-0.555,0.832C44.088,11.516,45.5,14.157,45.5,17v3.34H46.5z\"><\/path>\t\t<path d=\"M22.278,9.936l-0.556-0.832C19.079,10.87,17.5,13.822,17.5,17.09v3.25h1V17C18.5,14.157,19.912,11.516,22.278,9.936z\"><\/path>\t\t<path d=\"M56.5,54c0-6.893-5.607-12.5-12.5-12.5v1c6.341,0,11.5,5.159,11.5,11.5v6h1V54z\"><\/path>\t\t<path d=\"M7.5,54v6h1v-6c0-5.64,4.03-10.408,9.583-11.337c-0.035-0.207-0.13-0.779-0.165-0.986C11.881,42.687,7.5,47.869,7.5,54z\"><\/path>\t\t<path d=\"M25.5,40v2c0,3.584,2.916,6.5,6.5,6.5s6.5-2.916,6.5-6.5v-2h-1v2c0,3.033-2.468,5.5-5.5,5.5c-3.033,0-5.5-2.467-5.5-5.5   v-2H25.5z\"><\/path>\t\t<path d=\"M41.5,16v4c0,0.827-0.673,1.5-1.5,1.5H24c-0.827,0-1.5-0.673-1.5-1.5v-3.91c0-0.276-0.224-0.5-0.5-0.5l-0.877,0.002   c-0.877-0.075-1.623,0.621-1.623,1.498v4.438c-2.247,0.25-4,2.16-4,4.472c0,2.402,1.892,4.371,4.264,4.494   C20.944,36.317,26.025,40.5,32,40.5c5.985,0,11.066-4.183,12.237-10.006C46.609,30.37,48.5,28.402,48.5,26   c0-2.313-1.753-4.223-4-4.472V17c0-0.827-0.673-1.5-1.5-1.5h-1C41.724,15.5,41.5,15.724,41.5,16z M42.5,20v-3.5H43   c0.275,0,0.5,0.224,0.5,0.5v5c0,0.276,0.224,0.5,0.5,0.5c1.93,0,3.5,1.57,3.5,3.5s-1.57,3.5-3.5,3.5h-0.18   c-0.244,0-0.453,0.177-0.493,0.417C42.398,35.47,37.635,39.5,32,39.5c-5.625,0-10.388-4.03-11.327-9.583   c-0.041-0.24-0.249-0.417-0.493-0.417H20c-1.93,0-3.5-1.57-3.5-3.5s1.57-3.5,3.5-3.5c0.276,0,0.5-0.224,0.5-0.5v-4.91   c0-0.265,0.196-0.502,0.519-0.502c0,0-0.009,0.002,0.481,0.002V20c0,1.378,1.122,2.5,2.5,2.5h16C41.379,22.5,42.5,21.378,42.5,20z   \"><\/path>\t\t<circle cx=\"27\" cy=\"25\" r=\"1\"><\/circle>\t\t<circle cx=\"37\" cy=\"25\" r=\"1\"><\/circle>\t\t<path d=\"M32,35.5c-1.93,0-3.5-1.57-3.5-3.5h-1c0,2.481,2.019,4.5,4.5,4.5s4.5-2.019,4.5-4.5h-1C35.5,33.93,33.93,35.5,32,35.5z\"><\/path>\t\t<rect x=\"31.5\" y=\"26\" width=\"1\" height=\"4\"><\/rect>\t\t<path d=\"M22.5,50.1V41c0-0.827-0.673-1.5-1.5-1.5s-1.5,0.673-1.5,1.5v9.1h1V41c0-0.276,0.224-0.5,0.5-0.5s0.5,0.224,0.5,0.5v9.1   H22.5z\"><\/path>\t\t<path d=\"M17.5,55c0,1.93,1.57,3.5,3.5,3.5s3.5-1.57,3.5-3.5s-1.57-3.5-3.5-3.5S17.5,53.07,17.5,55z M21,52.5   c1.378,0,2.5,1.122,2.5,2.5s-1.122,2.5-2.5,2.5s-2.5-1.122-2.5-2.5S19.622,52.5,21,52.5z\"><\/path>\t\t<path d=\"M21,56.5c0.827,0,1.5-0.673,1.5-1.5s-0.673-1.5-1.5-1.5s-1.5,0.673-1.5,1.5S20.173,56.5,21,56.5z M21,54.5   c0.276,0,0.5,0.224,0.5,0.5s-0.224,0.5-0.5,0.5s-0.5-0.224-0.5-0.5S20.724,54.5,21,54.5z\"><\/path>\t\t<path d=\"M41,39.5c-0.827,0-1.5,0.673-1.5,1.5v6.528c-2.247,0.25-4,2.16-4,4.472v4v1c0,0.827,0.673,1.5,1.5,1.5s1.5-0.673,1.5-1.5   v-1v-4c0-0.827,0.673-1.5,1.5-1.5h2c0.827,0,1.5,0.673,1.5,1.5v4v1c0,0.827,0.673,1.5,1.5,1.5s1.5-0.673,1.5-1.5v-1v-4   c0-2.313-1.753-4.223-4-4.472V41C42.5,40.173,41.827,39.5,41,39.5z M37.5,57c0,0.276-0.225,0.5-0.5,0.5s-0.5-0.224-0.5-0.5v-0.5h1   V57z M45.5,57c0,0.276-0.225,0.5-0.5,0.5s-0.5-0.224-0.5-0.5v-0.5h1V57z M45.5,52v3.5h-1V52c0-1.378-1.121-2.5-2.5-2.5h-2   c-1.379,0-2.5,1.122-2.5,2.5v3.5h-1V52c0-1.93,1.57-3.5,3.5-3.5c0.276,0,0.5-0.224,0.5-0.5v-7c0-0.276,0.225-0.5,0.5-0.5   s0.5,0.224,0.5,0.5v7c0,0.276,0.224,0.5,0.5,0.5C43.93,48.5,45.5,50.07,45.5,52z\"><\/path>\t\t<path d=\"M39,3.5H25c-0.827,0-1.5,0.673-1.5,1.5v8c0,1.378,1.122,2.5,2.5,2.5h12c1.379,0,2.5-1.122,2.5-2.5V5   C40.5,4.173,39.827,3.5,39,3.5z M39.5,13c0,0.827-0.673,1.5-1.5,1.5H26c-0.827,0-1.5-0.673-1.5-1.5V5c0-0.276,0.224-0.5,0.5-0.5   h14c0.275,0,0.5,0.224,0.5,0.5V13z\"><\/path>\t\t<path d=\"M34,7.5h-0.5V7c0-0.827-0.673-1.5-1.5-1.5S30.5,6.173,30.5,7v0.5H30c-0.827,0-1.5,0.673-1.5,1.5s0.673,1.5,1.5,1.5h0.5V11   c0,0.827,0.673,1.5,1.5,1.5s1.5-0.673,1.5-1.5v-0.5H34c0.827,0,1.5-0.673,1.5-1.5S34.827,7.5,34,7.5z M34,9.5h-1   c-0.276,0-0.5,0.224-0.5,0.5v1c0,0.276-0.224,0.5-0.5,0.5s-0.5-0.224-0.5-0.5v-1c0-0.276-0.224-0.5-0.5-0.5h-1   c-0.276,0-0.5-0.224-0.5-0.5s0.224-0.5,0.5-0.5h1c0.276,0,0.5-0.224,0.5-0.5V7c0-0.276,0.224-0.5,0.5-0.5s0.5,0.224,0.5,0.5v1   c0,0.276,0.224,0.5,0.5,0.5h1c0.275,0,0.5,0.224,0.5,0.5S34.275,9.5,34,9.5z\"><\/path>\t\t<rect x=\"11.838\" y=\"56.5\" transform=\"matrix(0.3165 -0.9486 0.9486 0.3165 -43.8172 53.1871)\" width=\"6.325\" height=\"1\"><\/rect>\t\t<rect x=\"48.5\" y=\"53.838\" transform=\"matrix(0.9487 -0.3162 0.3162 0.9487 -15.5105 18.4202)\" width=\"1.001\" height=\"6.325\"><\/rect>\t\t<path d=\"M17.5,37c0,0.276-0.224,0.5-0.5,0.5h-1c-2.037,0-3.217,2.319-2.025,3.964l0.81-0.588C14.071,39.897,14.774,38.5,16,38.5h1   c0.827,0,1.5-0.673,1.5-1.5v-5.34h-1V37z\"><\/path>\t\t<path d=\"M48,37.5h-1c-0.275,0-0.5-0.224-0.5-0.5v-5.34h-1V37c0,0.827,0.673,1.5,1.5,1.5h1c1.225,0,1.928,1.395,1.216,2.375   l0.809,0.589C51.215,39.83,50.045,37.5,48,37.5z\"><\/path>\t<\/g><\/g><\/svg>\t\t\t<\/div>\n\t\t<\/div>\n\t\t\t\t\t\t<\/div>\n\t\t\t\t<div class=\"elementor-element elementor-element-1a6049d elementor-widget elementor-widget-heading\" data-id=\"1a6049d\" data-element_type=\"widget\" data-e-type=\"widget\" data-widget_type=\"heading.default\">\n\t\t\t\t\t<h1 class=\"elementor-heading-title elementor-size-default\">H\u00e4usliche Krankenpflege<\/h1>\t\t\t\t<\/div>\n\t\t\t\t\t<\/div>\n\t\t<\/div>\n\t\t\t\t\t<\/div>\n\t\t<\/section>\n\t\t\t\t<section class=\"elementor-section elementor-top-section elementor-element elementor-element-6943720 elementor-section-content-middle elementor-section-boxed elementor-section-height-default elementor-section-height-default wpr-particle-no wpr-jarallax-no wpr-parallax-no wpr-sticky-section-no\" data-id=\"6943720\" data-element_type=\"section\" data-e-type=\"section\">\n\t\t\t\t\t\t<div class=\"elementor-container elementor-column-gap-no\">\n\t\t\t\t\t<div class=\"elementor-column elementor-col-50 elementor-top-column elementor-element elementor-element-540bf749\" data-id=\"540bf749\" data-element_type=\"column\" data-e-type=\"column\" data-settings=\"{&quot;background_background&quot;:&quot;classic&quot;}\">\n\t\t\t<div class=\"elementor-widget-wrap elementor-element-populated\">\n\t\t\t\t\t\t<div class=\"elementor-element elementor-element-49a9892 elementor-widget elementor-widget-spacer\" data-id=\"49a9892\" data-element_type=\"widget\" data-e-type=\"widget\" data-widget_type=\"spacer.default\">\n\t\t\t\t\t\t\t<div class=\"elementor-spacer\">\n\t\t\t<div class=\"elementor-spacer-inner\"><\/div>\n\t\t<\/div>\n\t\t\t\t\t\t<\/div>\n\t\t\t\t\t<\/div>\n\t\t<\/div>\n\t\t\t\t<div class=\"elementor-column elementor-col-50 elementor-top-column elementor-element elementor-element-6e3250b6\" data-id=\"6e3250b6\" data-element_type=\"column\" data-e-type=\"column\">\n\t\t\t<div class=\"elementor-widget-wrap elementor-element-populated\">\n\t\t\t\t\t\t<div class=\"elementor-element elementor-element-1ec85d9b elementor-widget elementor-widget-heading\" data-id=\"1ec85d9b\" data-element_type=\"widget\" data-e-type=\"widget\" data-widget_type=\"heading.default\">\n\t\t\t\t\t<h2 class=\"elementor-heading-title elementor-size-default\">Privater Pflegedienst<\/h2>\t\t\t\t<\/div>\n\t\t\t\t<div class=\"elementor-element elementor-element-5c9e517e elementor-widget elementor-widget-text-editor\" data-id=\"5c9e517e\" data-element_type=\"widget\" data-e-type=\"widget\" data-widget_type=\"text-editor.default\">\n\t\t\t\t\t\t\t\t\t<p>Zus\u00e4tzlich zum Spitexdienst organisiert BeeCare f\u00fcr Familien, die dies w\u00fcnschen, einen privaten Pflegedienst. Bei der h\u00e4uslichen Pflege nach dem Spitex-System sind die Zeiten durch den Leistungskatalog vorgegeben: Die Pflegekraft ist verpflichtet, die Zeiten einzuhalten.<\/p>\n<p>Im Gegensatz dazu gibt es bei der privaten Pflege keine zeitliche Begrenzung, das Personal steht den Nutzerinnen und Nutzern und den Angeh\u00f6rigen so lange zur Verf\u00fcgung, wie sie es w\u00fcnschen, und ist ausschlie\u00dflich und st\u00e4ndig anwesend.<\/p>\n<p>Diese Art der Pflege beginnt auf Wunsch der Familie oder des Pflegebed\u00fcrftigen, und wie immer arbeiten wir mit dem Hausarzt und allen anwesenden medizinischen Fachkr\u00e4ften zusammen.<\/p>\n<p>Der private Pflegedienst erm\u00f6glicht es uns auch, auf die W\u00fcnsche von Personen einzugehen, die aus dem Ausland kommen, sich nur f\u00fcr eine gewisse Zeit in der Schweiz aufhalten und daher nicht krankenversichert sind.<\/p>\n<p>Er ist auch ein Hilfsmittel, um die Leistungen der eigenen Versicherung zu erg\u00e4nzen oder um die Ferienzeiten besser zu organisieren.<\/p>\n\t\t\t\t\t\t\t\t<\/div>\n\t\t\t\t\t<\/div>\n\t\t<\/div>\n\t\t\t\t\t<\/div>\n\t\t<\/section>\n\t\t\t\t<section class=\"elementor-section elementor-top-section elementor-element elementor-element-149c6dc elementor-section-content-middle elementor-section-boxed elementor-section-height-default elementor-section-height-default wpr-particle-no wpr-jarallax-no wpr-parallax-no wpr-sticky-section-no\" data-id=\"149c6dc\" data-element_type=\"section\" data-e-type=\"section\" data-settings=\"{&quot;background_background&quot;:&quot;classic&quot;}\">\n\t\t\t\t\t\t<div class=\"elementor-container elementor-column-gap-no\">\n\t\t\t\t\t<div class=\"elementor-column elementor-col-50 elementor-top-column elementor-element elementor-element-bee1406\" data-id=\"bee1406\" data-element_type=\"column\" data-e-type=\"column\" data-settings=\"{&quot;background_background&quot;:&quot;classic&quot;}\">\n\t\t\t<div class=\"elementor-widget-wrap elementor-element-populated\">\n\t\t\t\t\t\t<div class=\"elementor-element elementor-element-6715483 elementor-widget elementor-widget-spacer\" data-id=\"6715483\" data-element_type=\"widget\" data-e-type=\"widget\" data-widget_type=\"spacer.default\">\n\t\t\t\t\t\t\t<div class=\"elementor-spacer\">\n\t\t\t<div class=\"elementor-spacer-inner\"><\/div>\n\t\t<\/div>\n\t\t\t\t\t\t<\/div>\n\t\t\t\t\t<\/div>\n\t\t<\/div>\n\t\t\t\t<div class=\"elementor-column elementor-col-50 elementor-top-column elementor-element elementor-element-0c4570e\" data-id=\"0c4570e\" data-element_type=\"column\" data-e-type=\"column\">\n\t\t\t<div class=\"elementor-widget-wrap elementor-element-populated\">\n\t\t\t\t\t\t<div class=\"elementor-element elementor-element-8bd11e8 elementor-widget elementor-widget-heading\" data-id=\"8bd11e8\" data-element_type=\"widget\" data-e-type=\"widget\" data-widget_type=\"heading.default\">\n\t\t\t\t\t<h2 class=\"elementor-heading-title elementor-size-default\">Personale altamente qualificato<\/h2>\t\t\t\t<\/div>\n\t\t\t\t<div class=\"elementor-element elementor-element-3bdc297 elementor-widget elementor-widget-text-editor\" data-id=\"3bdc297\" data-element_type=\"widget\" data-e-type=\"widget\" data-widget_type=\"text-editor.default\">\n\t\t\t\t\t\t\t\t\t<p>Wir garantieren eine kontinuierliche Betreuung des Nutzers und seiner Familie sowie unseres Personals mit dem Ziel, die besten Voraussetzungen daf\u00fcr zu schaffen, dass der \u00e4ltere Mensch zu Hause bleiben kann, um eine Einweisung in ein Pflegeheim und\/oder Krankenhaus zu vermeiden.<\/p>\n\t\t\t\t\t\t\t\t<\/div>\n\t\t\t\t\t<\/div>\n\t\t<\/div>\n\t\t\t\t\t<\/div>\n\t\t<\/section>\n\t\t<div class=\"elementor-element elementor-element-54aef42 e-con-full e-flex wpr-particle-no wpr-jarallax-no wpr-parallax-no wpr-sticky-section-no e-con e-parent\" data-id=\"54aef42\" data-element_type=\"container\" data-e-type=\"container\" data-settings=\"{&quot;background_background&quot;:&quot;classic&quot;}\">\n\t\t\t\t<div class=\"elementor-element elementor-element-11585da elementor-widget elementor-widget-heading\" data-id=\"11585da\" data-element_type=\"widget\" data-e-type=\"widget\" data-widget_type=\"heading.default\">\n\t\t\t\t\t<span class=\"elementor-heading-title elementor-size-default\">Haben Sie weitere Fragen?<\/span>\t\t\t\t<\/div>\n\t\t\t\t<div class=\"elementor-element elementor-element-dddf5f3 elementor-align-center elementor-widget elementor-widget-button\" data-id=\"dddf5f3\" data-element_type=\"widget\" data-e-type=\"widget\" data-widget_type=\"button.default\">\n\t\t\t\t\t\t\t\t\t\t<a class=\"elementor-button elementor-button-link elementor-size-sm\" href=\"https:\/\/beecare.ch\/de\/kontakt\/\">\n\t\t\t\t\t\t<span class=\"elementor-button-content-wrapper\">\n\t\t\t\t\t\t\t\t\t<span class=\"elementor-button-text\">Kontakt<\/span>\n\t\t\t\t\t<\/span>\n\t\t\t\t\t<\/a>\n\t\t\t\t\t\t\t\t<\/div>\n\t\t\t\t<\/div>\n\t\t\t\t<\/div>\n\t\t","protected":false},"excerpt":{"rendered":"<p>H\u00e4usliche Krankenpflege Privater Pflegedienst Zus\u00e4tzlich zum Spitexdienst organisiert BeeCare f\u00fcr Familien, die dies w\u00fcnschen, einen privaten Pflegedienst. Bei der h\u00e4uslichen Pflege nach dem Spitex-System sind die Zeiten durch den Leistungskatalog vorgegeben: Die Pflegekraft ist verpflichtet, die Zeiten einzuhalten. Im Gegensatz dazu gibt es bei der privaten Pflege keine zeitliche Begrenzung, das Personal steht den Nutzerinnen und Nutzern und den Angeh\u00f6rigen so lange zur Verf\u00fcgung, wie sie es w\u00fcnschen, und ist ausschlie\u00dflich und st\u00e4ndig anwesend. Diese Art der Pflege beginnt auf Wunsch der Familie oder des Pflegebed\u00fcrftigen, und wie immer arbeiten wir mit dem Hausarzt und allen anwesenden medizinischen Fachkr\u00e4ften zusammen. Der private Pflegedienst erm\u00f6glicht es uns auch, auf die W\u00fcnsche von Personen einzugehen, die aus dem Ausland kommen, sich nur f\u00fcr eine gewisse Zeit in der Schweiz aufhalten und daher nicht krankenversichert sind. Er ist auch ein Hilfsmittel, um die Leistungen der eigenen Versicherung zu erg\u00e4nzen oder um die Ferienzeiten besser zu organisieren. Personale altamente qualificato Wir garantieren eine kontinuierliche Betreuung des Nutzers und seiner Familie sowie unseres Personals mit dem Ziel, die besten Voraussetzungen daf\u00fcr zu schaffen, dass der \u00e4ltere Mensch zu Hause bleiben kann, um eine Einweisung in ein Pflegeheim und\/oder Krankenhaus zu vermeiden. Haben Sie weitere Fragen? Kontakt<\/p>\n","protected":false},"author":4,"featured_media":0,"parent":0,"menu_order":0,"comment_status":"closed","ping_status":"closed","template":"elementor_header_footer","meta":{"_relevanssi_hide_post":"","_relevanssi_hide_content":"","_relevanssi_pin_for_all":"","_relevanssi_pin_keywords":"","_relevanssi_unpin_keywords":"","_relevanssi_related_keywords":"","_relevanssi_related_include_ids":"","_relevanssi_related_exclude_ids":"","_relevanssi_related_no_append":"","_relevanssi_related_not_related":"","_relevanssi_related_posts":"","_relevanssi_noindex_reason":"","inline_featured_image":false,"_mbp_gutenberg_autopost":false,"_pgmb_is_evergreen":true,"_pgmb_ap_template_id":0,"footnotes":""},"class_list":["post-242753","page","type-page","status-publish","hentry"],"_links":{"self":[{"href":"https:\/\/beecare.ch\/de\/wp-json\/wp\/v2\/pages\/242753","targetHints":{"allow":["GET"]}}],"collection":[{"href":"https:\/\/beecare.ch\/de\/wp-json\/wp\/v2\/pages"}],"about":[{"href":"https:\/\/beecare.ch\/de\/wp-json\/wp\/v2\/types\/page"}],"author":[{"embeddable":true,"href":"https:\/\/beecare.ch\/de\/wp-json\/wp\/v2\/users\/4"}],"replies":[{"embeddable":true,"href":"https:\/\/beecare.ch\/de\/wp-json\/wp\/v2\/comments?post=242753"}],"version-history":[{"count":0,"href":"https:\/\/beecare.ch\/de\/wp-json\/wp\/v2\/pages\/242753\/revisions"}],"wp:attachment":[{"href":"https:\/\/beecare.ch\/de\/wp-json\/wp\/v2\/media?parent=242753"}],"curies":[{"name":"wp","href":"https:\/\/api.w.org\/{rel}","templated":true}]}}