{"id":242757,"date":"2022-05-13T18:21:56","date_gmt":"2022-05-13T16:21:56","guid":{"rendered":"https:\/\/beecare.ch\/?page_id=242757"},"modified":"2025-10-03T10:17:54","modified_gmt":"2025-10-03T08:17:54","slug":"unsere-mission","status":"publish","type":"page","link":"https:\/\/beecare.ch\/de\/unsere-mission\/","title":{"rendered":"Unsere Mission"},"content":{"rendered":"\t\t<div data-elementor-type=\"wp-page\" data-elementor-id=\"242757\" class=\"elementor elementor-242757 elementor-240390\" data-elementor-post-type=\"page\">\n\t\t\t\t\t\t<section class=\"elementor-section elementor-top-section elementor-element elementor-element-448b12d elementor-section-height-min-height elementor-section-content-middle elementor-section-boxed elementor-section-height-default elementor-section-items-middle wpr-particle-no wpr-jarallax-no wpr-parallax-no wpr-sticky-section-no\" data-id=\"448b12d\" data-element_type=\"section\" data-e-type=\"section\" data-settings=\"{&quot;background_background&quot;:&quot;classic&quot;}\">\n\t\t\t\t\t\t\t<div class=\"elementor-background-overlay\"><\/div>\n\t\t\t\t\t\t\t<div class=\"elementor-container elementor-column-gap-no\">\n\t\t\t\t\t<div class=\"elementor-column elementor-col-100 elementor-top-column elementor-element elementor-element-b1cd3e9\" data-id=\"b1cd3e9\" data-element_type=\"column\" data-e-type=\"column\">\n\t\t\t<div class=\"elementor-widget-wrap\">\n\t\t\t\t\t\t\t<\/div>\n\t\t<\/div>\n\t\t\t\t\t<\/div>\n\t\t<\/section>\n\t\t\t\t<section class=\"elementor-section elementor-top-section elementor-element elementor-element-f970a4a elementor-section-content-middle elementor-section-boxed elementor-section-height-default elementor-section-height-default wpr-particle-no wpr-jarallax-no wpr-parallax-no wpr-sticky-section-no\" data-id=\"f970a4a\" data-element_type=\"section\" data-e-type=\"section\" data-settings=\"{&quot;background_background&quot;:&quot;classic&quot;}\">\n\t\t\t\t\t\t<div class=\"elementor-container elementor-column-gap-no\">\n\t\t\t\t\t<div class=\"elementor-column elementor-col-100 elementor-top-column elementor-element elementor-element-1edf369\" data-id=\"1edf369\" data-element_type=\"column\" data-e-type=\"column\">\n\t\t\t<div class=\"elementor-widget-wrap elementor-element-populated\">\n\t\t\t\t\t\t<div class=\"elementor-element elementor-element-297067b elementor-widget elementor-widget-video\" data-id=\"297067b\" data-element_type=\"widget\" data-e-type=\"widget\" data-settings=\"{&quot;youtube_url&quot;:&quot;https:\\\/\\\/www.youtube.com\\\/watch?v=cvRwDmG89hE&quot;,&quot;video_type&quot;:&quot;youtube&quot;,&quot;controls&quot;:&quot;yes&quot;}\" data-widget_type=\"video.default\">\n\t\t\t\t\t\t\t<div class=\"elementor-wrapper elementor-open-inline\">\n\t\t\t<div class=\"elementor-video\"><\/div>\t\t<\/div>\n\t\t\t\t\t\t<\/div>\n\t\t\t\t\t<\/div>\n\t\t<\/div>\n\t\t\t\t\t<\/div>\n\t\t<\/section>\n\t\t\t\t<section class=\"elementor-section elementor-top-section elementor-element elementor-element-6943720 elementor-section-content-middle elementor-section-boxed elementor-section-height-default elementor-section-height-default wpr-particle-no wpr-jarallax-no wpr-parallax-no wpr-sticky-section-no\" data-id=\"6943720\" data-element_type=\"section\" data-e-type=\"section\">\n\t\t\t\t\t\t<div class=\"elementor-container elementor-column-gap-no\">\n\t\t\t\t\t<div class=\"elementor-column elementor-col-50 elementor-top-column elementor-element elementor-element-540bf749\" data-id=\"540bf749\" data-element_type=\"column\" data-e-type=\"column\" data-settings=\"{&quot;background_background&quot;:&quot;classic&quot;}\">\n\t\t\t<div class=\"elementor-widget-wrap elementor-element-populated\">\n\t\t\t\t\t\t<div class=\"elementor-element elementor-element-a218622 elementor-widget elementor-widget-spacer\" data-id=\"a218622\" data-element_type=\"widget\" data-e-type=\"widget\" data-widget_type=\"spacer.default\">\n\t\t\t\t\t\t\t<div class=\"elementor-spacer\">\n\t\t\t<div class=\"elementor-spacer-inner\"><\/div>\n\t\t<\/div>\n\t\t\t\t\t\t<\/div>\n\t\t\t\t\t<\/div>\n\t\t<\/div>\n\t\t\t\t<div class=\"elementor-column elementor-col-50 elementor-top-column elementor-element elementor-element-6e3250b6\" data-id=\"6e3250b6\" data-element_type=\"column\" data-e-type=\"column\">\n\t\t\t<div class=\"elementor-widget-wrap elementor-element-populated\">\n\t\t\t\t\t\t<div class=\"elementor-element elementor-element-1ec85d9b elementor-widget elementor-widget-heading\" data-id=\"1ec85d9b\" data-element_type=\"widget\" data-e-type=\"widget\" data-widget_type=\"heading.default\">\n\t\t\t\t\t<h1 class=\"elementor-heading-title elementor-size-default\">Wir k\u00fcmmern uns um die Person<\/h1>\t\t\t\t<\/div>\n\t\t\t\t<div class=\"elementor-element elementor-element-5c9e517e elementor-widget elementor-widget-text-editor\" data-id=\"5c9e517e\" data-element_type=\"widget\" data-e-type=\"widget\" data-widget_type=\"text-editor.default\">\n\t\t\t\t\t\t\t\t\t<p>Die <strong>Mission von BeeCare ist es, sich um die Person zu k\u00fcmmern<\/strong>. Dies gilt f\u00fcr die von uns betreuten Patienten, ihre Familien und alle unsere Mitarbeiter.<\/p>\n<p>Die Pflege derer, die sich um andere k\u00fcmmern, ist einer der Grundpfeiler unserer Arbeitsweise, die darauf abzielt, eine Kultur der Gesundheitsversorgung auf der Grundlage menschlicher F\u00fcrsorge zu schaffen.<\/p>\n<p>Unser Service f\u00fcr Hauspflege und Betreuung hat eine positive Sichtweise auf den Menschen: Wir betrachten den anderen als Person und das ist der Antrieb f\u00fcr all unser Handeln.<\/p>\n<p>Pflegehandlungen haben eine Bedeutung sowohl f\u00fcr die Person, die sie ausf\u00fchrt, als auch f\u00fcr die Person, die sie empf\u00e4ngt. Mit unserer Arbeit versuchen wir, dem anderen seine Einzigartigkeit und Bedeutung als Person zu vermitteln, denn in dieser besonderen Beziehung wird die W\u00fcrde wiederhergestellt.<\/p>\n<p>In der Praxis zielt unsere Mission darauf ab, den Herausforderungen des Alterns, der Behinderung oder der Krankheit zu begegnen und es den Menschen zu erm\u00f6glichen, m\u00f6glichst lange in ihren eigenen vier W\u00e4nden zu leben, mit einem m\u00f6glichst reichen und unabh\u00e4ngigen Alltag.<\/p>\n<p>Was unsere Mitarbeiter betrifft, versuchen wir immer, sie zu sch\u00e4tzen und zu verantworten. Es ist wahr, dass die Qualit\u00e4t der Beziehung zwischen Pflegekraft und pflegebed\u00fcrftiger Person f\u00fcr die Qualit\u00e4t der Pflege selbst entscheidend ist. Unsere Intuition ist jedoch, dass um qualitativ hochwertige Pflege leisten zu k\u00f6nnen, die Pflegekraft selbst qualitativ begleitet und aufgenommen werden muss.<\/p>\n<p>Wir investieren daher in eine gute Qualit\u00e4t der F\u00fchrung und des Managements von Humanressourcen. Der Mitarbeiter muss sich geh\u00f6rt, gesch\u00e4tzt, aufgenommen, einbezogen und in st\u00e4ndiger Schulung f\u00fchlen, nur so kann er seine Arbeit sch\u00e4tzen und diejenigen aufnehmen, die er pflegt.<\/p>\n<p>Schlie\u00dflich vergessen wir den pflegenden Angeh\u00f6rigen nicht. Familien rufen uns oft in einer schwierigen und angstvollen Zeit an: Der geliebte Mensch ist nicht mehr derselbe, die Routine aller muss sich \u00e4ndern und die Sorge um die Gesundheit der Person kommt hinzu.<\/p>\n<p>Oft ist unsere erste Aufgabe, wenn wir Kontakt mit einer Familie aufnehmen, die pflegenden Angeh\u00f6rigen aufzunehmen, sie in dieser sensiblen Phase zu begleiten und zu unterst\u00fctzen und gemeinsam mit ihnen die angemessensten Modalit\u00e4ten und Unterst\u00fctzung f\u00fcr ihre Situation zu finden.<\/p>\n<p>Die meisten Menschen, die bei BeeCare in verschiedenen Positionen arbeiten, waren in ihrem pers\u00f6nlichen Leben bereits pflegende Angeh\u00f6rige.<\/p>\n\t\t\t\t\t\t\t\t<\/div>\n\t\t\t\t\t<\/div>\n\t\t<\/div>\n\t\t\t\t\t<\/div>\n\t\t<\/section>\n\t\t\t\t<section class=\"elementor-section elementor-top-section elementor-element elementor-element-6a5cde4 elementor-section-content-middle elementor-section-boxed elementor-section-height-default elementor-section-height-default wpr-particle-no wpr-jarallax-no wpr-parallax-no wpr-sticky-section-no\" data-id=\"6a5cde4\" data-element_type=\"section\" data-e-type=\"section\">\n\t\t\t\t\t\t<div class=\"elementor-container elementor-column-gap-no\">\n\t\t\t\t\t<div class=\"elementor-column elementor-col-50 elementor-top-column elementor-element elementor-element-4aa414a\" data-id=\"4aa414a\" data-element_type=\"column\" data-e-type=\"column\" data-settings=\"{&quot;background_background&quot;:&quot;classic&quot;}\">\n\t\t\t<div class=\"elementor-widget-wrap elementor-element-populated\">\n\t\t\t\t\t\t<div class=\"elementor-element elementor-element-c516ebc elementor-widget elementor-widget-spacer\" data-id=\"c516ebc\" data-element_type=\"widget\" data-e-type=\"widget\" data-widget_type=\"spacer.default\">\n\t\t\t\t\t\t\t<div class=\"elementor-spacer\">\n\t\t\t<div class=\"elementor-spacer-inner\"><\/div>\n\t\t<\/div>\n\t\t\t\t\t\t<\/div>\n\t\t\t\t\t<\/div>\n\t\t<\/div>\n\t\t\t\t<div class=\"elementor-column elementor-col-50 elementor-top-column elementor-element elementor-element-56f4394\" data-id=\"56f4394\" data-element_type=\"column\" data-e-type=\"column\">\n\t\t\t<div class=\"elementor-widget-wrap elementor-element-populated\">\n\t\t\t\t\t\t<div class=\"elementor-element elementor-element-8d1e64c elementor-widget elementor-widget-heading\" data-id=\"8d1e64c\" data-element_type=\"widget\" data-e-type=\"widget\" data-widget_type=\"heading.default\">\n\t\t\t\t\t<h2 class=\"elementor-heading-title elementor-size-default\">Unsere Werte<\/h2>\t\t\t\t<\/div>\n\t\t\t\t<div class=\"elementor-element elementor-element-a3e914f elementor-widget__width-initial elementor-widget elementor-widget-text-editor\" data-id=\"a3e914f\" data-element_type=\"widget\" data-e-type=\"widget\" data-widget_type=\"text-editor.default\">\n\t\t\t\t\t\t\t\t\t<p><b>Verf\u00fcgbarkeit:<\/b> Wir glauben, dass Verf\u00fcgbarkeit f\u00fcr Zuh\u00f6ren, Dialog, Verbesserung und Zusammenarbeit die notwendige Grundlage f\u00fcr eine gute gemeinsame Arbeit ist.<\/p>\n<p><b>Ehrlichkeit:<\/b> Wir glauben an Ehrlichkeit zwischen Menschen und ehrliche Beziehungen. Aus diesen beiden ersten Werten ergibt sich die Schaffung einer Kultur des Fehlers, die unserer Meinung nach unerl\u00e4sslich ist, wenn man mit dem Leben der Menschen arbeitet.<\/p>\n<p><b>Zuverl\u00e4ssigkeit:<\/b> Wir glauben, dass Zuverl\u00e4ssigkeit f\u00fcr eine gemeinsame Arbeit und Sicherheit f\u00fcr die Benutzer und ihre Familien unerl\u00e4sslich ist.<\/p>\n<p><b>Vertrauen:<\/b> Wir glauben, dass jeder von uns Vertrauen braucht, um als Person und beruflich zu wachsen und sein Bestes zu geben.<\/p>\n<p><b>Engagement:<\/b> Wir glauben, dass Engagement auf Vertrauen antworten muss. Von hier aus entsteht die Professionalit\u00e4t jedes Einzelnen von uns.<\/p>\n<p>Unser Engagement im Bereich Nachhaltigkeit<br \/>BeeCare setzt sich insbesondere f\u00fcr soziale Nachhaltigkeit als wichtigen Punkt einer Unternehmenssozialverantwortung ein.<br \/>Wir engagieren uns daf\u00fcr, Arbeitspl\u00e4tze im Bereich der h\u00e4uslichen Pflege zu schaffen, die dazu beitragen, dass sich die Menschen w\u00e4hrend ihres gesamten Arbeitslebens engagieren und halten k\u00f6nnen. Dabei bieten wir einen Arbeitskontext, der die spezifischen pers\u00f6nlichen Bed\u00fcrfnisse insgesamt ber\u00fccksichtigt, um Reibungsverluste zwischen pers\u00f6nlichem und beruflichem Leben zu begrenzen und damit den Berufswechsel im Gesundheitsbereich zu vermeiden.<\/p>\n\t\t\t\t\t\t\t\t<\/div>\n\t\t\t\t\t<\/div>\n\t\t<\/div>\n\t\t\t\t\t<\/div>\n\t\t<\/section>\n\t\t\t\t<section class=\"elementor-section elementor-top-section elementor-element elementor-element-76a8ce2 elementor-section-content-middle elementor-section-boxed elementor-section-height-default elementor-section-height-default wpr-particle-no wpr-jarallax-no wpr-parallax-no wpr-sticky-section-no\" data-id=\"76a8ce2\" data-element_type=\"section\" data-e-type=\"section\">\n\t\t\t\t\t\t<div class=\"elementor-container elementor-column-gap-no\">\n\t\t\t\t\t<div class=\"elementor-column elementor-col-50 elementor-top-column elementor-element elementor-element-7671e82\" data-id=\"7671e82\" data-element_type=\"column\" data-e-type=\"column\" data-settings=\"{&quot;background_background&quot;:&quot;classic&quot;}\">\n\t\t\t<div class=\"elementor-widget-wrap elementor-element-populated\">\n\t\t\t\t\t\t<div class=\"elementor-element elementor-element-5155833 elementor-widget elementor-widget-spacer\" data-id=\"5155833\" data-element_type=\"widget\" data-e-type=\"widget\" data-widget_type=\"spacer.default\">\n\t\t\t\t\t\t\t<div class=\"elementor-spacer\">\n\t\t\t<div class=\"elementor-spacer-inner\"><\/div>\n\t\t<\/div>\n\t\t\t\t\t\t<\/div>\n\t\t\t\t\t<\/div>\n\t\t<\/div>\n\t\t\t\t<div class=\"elementor-column elementor-col-50 elementor-top-column elementor-element elementor-element-4c5d807\" data-id=\"4c5d807\" data-element_type=\"column\" data-e-type=\"column\">\n\t\t\t<div class=\"elementor-widget-wrap elementor-element-populated\">\n\t\t\t\t\t\t<div class=\"elementor-element elementor-element-f8432f6 elementor-widget elementor-widget-heading\" data-id=\"f8432f6\" data-element_type=\"widget\" data-e-type=\"widget\" data-widget_type=\"heading.default\">\n\t\t\t\t\t<h2 class=\"elementor-heading-title elementor-size-default\">Unsere Philosophie<\/h2>\t\t\t\t<\/div>\n\t\t\t\t<div class=\"elementor-element elementor-element-53f681c elementor-widget elementor-widget-text-editor\" data-id=\"53f681c\" data-element_type=\"widget\" data-e-type=\"widget\" data-widget_type=\"text-editor.default\">\n\t\t\t\t\t\t\t\t\t<p><b>Virginia Henderson<\/b> war eine amerikanische Krankenschwester, die eine Theorie der Krankenpflege entwickelt hat, die auf dem Prinzip beruht, dass die Krankenschwester die Person unterst\u00fctzt, um ihre Autonomie so weit wie m\u00f6glich und so schnell wie m\u00f6glich wiederherzustellen.<\/p>\n<p>Insbesondere identifizierte Henderson 14 grundlegende Bed\u00fcrfnisse, die von der normalen Atmung bis hin zu Aktivit\u00e4ten reichen, die Zufriedenheit bringen.<\/p>\n<p>F\u00fcr Henderson bedeutet Gesundheit, dass alle 14 Bed\u00fcrfnisse eigenst\u00e4ndig erf\u00fcllt werden k\u00f6nnen und die Krankenpflege darin besteht, den Patienten bei deren Erf\u00fcllung zu unterst\u00fctzen.<\/p>\n<p><b>Marisa Cantarelli<\/b> ist eine italienische Krankenschwester, die als erste den Fokus der Krankenpflege von den Aufgaben auf die zu betreuende Person verlagert hat.<\/p>\n<p>Es gibt also keine Standardpflege, sondern sie wird individuell auf die Person abgestimmt. Als Krankenschwester seit 1950 hat Marisa Cantarelli ein neues Modell der Krankenpflege entwickelt, basierend auf ihrer pers\u00f6nlichen Erfahrung.<\/p>\n<p>Sie f\u00fchlte sich unwohl dabei, sich ausschlie\u00dflich auf vordefinierte Verfahren zu konzentrieren und Aufgaben zu erf\u00fcllen, anstatt sich auf die Betreuung der Person zu konzentrieren.<\/p>\n<p>Um diesen Wandel herbeizuf\u00fchren, betonte Marisa Cantarelli auch die Bedeutung, dass Krankenschwestern sich ihrer Rolle und ihrer F\u00e4higkeiten bewusst werden.<\/p>\n<p>Die Betreuung der Person als Schwerpunkt der Pflege anstelle der Erf\u00fcllung von bestimmten Aufgaben ist eine Philosophie, die BeeCare vollst\u00e4ndig teilt, sowie die Unterst\u00fctzung des Patienten bei der Erf\u00fcllung seiner grundlegenden Bed\u00fcrfnisse mit dem Ziel einer aktiven Autonomie, die Freude und Zufriedenheit bringt.<\/p>\n\t\t\t\t\t\t\t\t<\/div>\n\t\t\t\t\t<\/div>\n\t\t<\/div>\n\t\t\t\t\t<\/div>\n\t\t<\/section>\n\t\t\t\t<section class=\"elementor-section elementor-top-section elementor-element elementor-element-d4ded9b elementor-section-full_width elementor-section-height-default elementor-section-height-default wpr-particle-no wpr-jarallax-no wpr-parallax-no wpr-sticky-section-no\" data-id=\"d4ded9b\" data-element_type=\"section\" data-e-type=\"section\" data-settings=\"{&quot;background_background&quot;:&quot;classic&quot;}\">\n\t\t\t\t\t\t<div class=\"elementor-container elementor-column-gap-default\">\n\t\t\t\t\t<div class=\"elementor-column elementor-col-100 elementor-top-column elementor-element elementor-element-276fe5a\" data-id=\"276fe5a\" data-element_type=\"column\" data-e-type=\"column\">\n\t\t\t<div class=\"elementor-widget-wrap elementor-element-populated\">\n\t\t\t\t\t\t<div class=\"elementor-element elementor-element-9b6376d elementor-widget elementor-widget-heading\" data-id=\"9b6376d\" data-element_type=\"widget\" data-e-type=\"widget\" data-widget_type=\"heading.default\">\n\t\t\t\t\t<p class=\"elementor-heading-title elementor-size-default\"> Nachhaltigkeitsbericht 2022<\/p>\t\t\t\t<\/div>\n\t\t\t\t<div class=\"elementor-element elementor-element-aa78dc2 elementor-align-center elementor-widget elementor-widget-button\" data-id=\"aa78dc2\" data-element_type=\"widget\" data-e-type=\"widget\" data-widget_type=\"button.default\">\n\t\t\t\t\t\t\t\t\t\t<a class=\"elementor-button elementor-button-link elementor-size-sm\" href=\"https:\/\/beecare.ch\/immagini\/BeeCare_RapportoCSR_2022.pdf\" target=\"_blank\">\n\t\t\t\t\t\t<span class=\"elementor-button-content-wrapper\">\n\t\t\t\t\t\t\t\t\t<span class=\"elementor-button-text\">Laden Sie die PDF-Datei herunter.<\/span>\n\t\t\t\t\t<\/span>\n\t\t\t\t\t<\/a>\n\t\t\t\t\t\t\t\t<\/div>\n\t\t\t\t\t<\/div>\n\t\t<\/div>\n\t\t\t\t\t<\/div>\n\t\t<\/section>\n\t\t<div class=\"elementor-element elementor-element-f1a5f6f e-con-full e-flex wpr-particle-no wpr-jarallax-no wpr-parallax-no wpr-sticky-section-no e-con e-parent\" data-id=\"f1a5f6f\" data-element_type=\"container\" data-e-type=\"container\" data-settings=\"{&quot;background_background&quot;:&quot;classic&quot;}\">\n\t\t\t\t<div class=\"elementor-element elementor-element-1fa26f0 elementor-widget elementor-widget-heading\" data-id=\"1fa26f0\" data-element_type=\"widget\" data-e-type=\"widget\" data-widget_type=\"heading.default\">\n\t\t\t\t\t<span class=\"elementor-heading-title elementor-size-default\">Haben Sie weitere Fragen?<\/span>\t\t\t\t<\/div>\n\t\t\t\t<div class=\"elementor-element elementor-element-0e48f7c elementor-align-center elementor-widget elementor-widget-button\" data-id=\"0e48f7c\" data-element_type=\"widget\" data-e-type=\"widget\" data-widget_type=\"button.default\">\n\t\t\t\t\t\t\t\t\t\t<a class=\"elementor-button elementor-button-link elementor-size-sm\" href=\"https:\/\/beecare.ch\/de\/kontakt\/\">\n\t\t\t\t\t\t<span class=\"elementor-button-content-wrapper\">\n\t\t\t\t\t\t\t\t\t<span class=\"elementor-button-text\">Kontakt<\/span>\n\t\t\t\t\t<\/span>\n\t\t\t\t\t<\/a>\n\t\t\t\t\t\t\t\t<\/div>\n\t\t\t\t<\/div>\n\t\t\t\t<\/div>\n\t\t","protected":false},"excerpt":{"rendered":"<p>Wir k\u00fcmmern uns um die Person Die Mission von BeeCare ist es, sich um die Person zu k\u00fcmmern. Dies gilt f\u00fcr die von uns betreuten Patienten, ihre Familien und alle unsere Mitarbeiter. Die Pflege derer, die sich um andere k\u00fcmmern, ist einer der Grundpfeiler unserer Arbeitsweise, die darauf abzielt, eine Kultur der Gesundheitsversorgung auf der Grundlage menschlicher F\u00fcrsorge zu schaffen. Unser Service f\u00fcr Hauspflege und Betreuung hat eine positive Sichtweise auf den Menschen: Wir betrachten den anderen als Person und das ist der Antrieb f\u00fcr all unser Handeln. Pflegehandlungen haben eine Bedeutung sowohl f\u00fcr die Person, die sie ausf\u00fchrt, als auch f\u00fcr die Person, die sie empf\u00e4ngt. Mit unserer Arbeit versuchen wir, dem anderen seine Einzigartigkeit und Bedeutung als Person zu vermitteln, denn in dieser besonderen Beziehung wird die W\u00fcrde wiederhergestellt. In der Praxis zielt unsere Mission darauf ab, den Herausforderungen des Alterns, der Behinderung oder der Krankheit zu begegnen und es den Menschen zu erm\u00f6glichen, m\u00f6glichst lange in ihren eigenen vier W\u00e4nden zu leben, mit einem m\u00f6glichst reichen und unabh\u00e4ngigen Alltag. Was unsere Mitarbeiter betrifft, versuchen wir immer, sie zu sch\u00e4tzen und zu verantworten. Es ist wahr, dass die Qualit\u00e4t der Beziehung zwischen Pflegekraft und pflegebed\u00fcrftiger Person f\u00fcr die Qualit\u00e4t der Pflege selbst entscheidend ist. Unsere Intuition ist jedoch, dass um qualitativ hochwertige Pflege leisten zu k\u00f6nnen, die Pflegekraft selbst qualitativ begleitet und aufgenommen werden muss. Wir investieren daher in eine gute Qualit\u00e4t der F\u00fchrung und des Managements von Humanressourcen. Der Mitarbeiter muss sich geh\u00f6rt, gesch\u00e4tzt, aufgenommen, einbezogen und in st\u00e4ndiger Schulung f\u00fchlen, nur so kann er seine Arbeit sch\u00e4tzen und diejenigen aufnehmen, die er pflegt. Schlie\u00dflich vergessen wir den pflegenden Angeh\u00f6rigen nicht. Familien rufen uns oft in einer schwierigen und angstvollen Zeit an: Der geliebte Mensch ist nicht mehr derselbe, die Routine aller muss sich \u00e4ndern und die Sorge um die Gesundheit der Person kommt hinzu. Oft ist unsere erste Aufgabe, wenn wir Kontakt mit einer Familie aufnehmen, die pflegenden Angeh\u00f6rigen aufzunehmen, sie in dieser sensiblen Phase zu begleiten und zu unterst\u00fctzen und gemeinsam mit ihnen die angemessensten Modalit\u00e4ten und Unterst\u00fctzung f\u00fcr ihre Situation zu finden. Die meisten Menschen, die bei BeeCare in verschiedenen Positionen arbeiten, waren in ihrem pers\u00f6nlichen Leben bereits pflegende Angeh\u00f6rige. Unsere Werte Verf\u00fcgbarkeit: Wir glauben, dass Verf\u00fcgbarkeit f\u00fcr Zuh\u00f6ren, Dialog, Verbesserung und Zusammenarbeit die notwendige Grundlage f\u00fcr eine gute gemeinsame Arbeit ist. Ehrlichkeit: Wir glauben an Ehrlichkeit zwischen Menschen und ehrliche Beziehungen. Aus diesen beiden ersten Werten ergibt sich die Schaffung einer Kultur des Fehlers, die unserer Meinung nach unerl\u00e4sslich ist, wenn man mit dem Leben der Menschen arbeitet. Zuverl\u00e4ssigkeit: Wir glauben, dass Zuverl\u00e4ssigkeit f\u00fcr eine gemeinsame Arbeit und Sicherheit f\u00fcr die Benutzer und ihre Familien unerl\u00e4sslich ist. Vertrauen: Wir glauben, dass jeder von uns Vertrauen braucht, um als Person und beruflich zu wachsen und sein Bestes zu geben. Engagement: Wir glauben, dass Engagement auf Vertrauen antworten muss. Von hier aus entsteht die Professionalit\u00e4t jedes Einzelnen von uns. Unser Engagement im Bereich NachhaltigkeitBeeCare setzt sich insbesondere f\u00fcr soziale Nachhaltigkeit als wichtigen Punkt einer Unternehmenssozialverantwortung ein.Wir engagieren uns daf\u00fcr, Arbeitspl\u00e4tze im Bereich der h\u00e4uslichen Pflege zu schaffen, die dazu beitragen, dass sich die Menschen w\u00e4hrend ihres gesamten Arbeitslebens engagieren und halten k\u00f6nnen. Dabei bieten wir einen Arbeitskontext, der die spezifischen pers\u00f6nlichen Bed\u00fcrfnisse insgesamt ber\u00fccksichtigt, um Reibungsverluste zwischen pers\u00f6nlichem und beruflichem Leben zu begrenzen und damit den Berufswechsel im Gesundheitsbereich zu vermeiden. Unsere Philosophie Virginia Henderson war eine amerikanische Krankenschwester, die eine Theorie der Krankenpflege entwickelt hat, die auf dem Prinzip beruht, dass die Krankenschwester die Person unterst\u00fctzt, um ihre Autonomie so weit wie m\u00f6glich und so schnell wie m\u00f6glich wiederherzustellen. Insbesondere identifizierte Henderson 14 grundlegende Bed\u00fcrfnisse, die von der normalen Atmung bis hin zu Aktivit\u00e4ten reichen, die Zufriedenheit bringen. F\u00fcr Henderson bedeutet Gesundheit, dass alle 14 Bed\u00fcrfnisse eigenst\u00e4ndig erf\u00fcllt werden k\u00f6nnen und die Krankenpflege darin besteht, den Patienten bei deren Erf\u00fcllung zu unterst\u00fctzen. Marisa Cantarelli ist eine italienische Krankenschwester, die als erste den Fokus der Krankenpflege von den Aufgaben auf die zu betreuende Person verlagert hat. Es gibt also keine Standardpflege, sondern sie wird individuell auf die Person abgestimmt. Als Krankenschwester seit 1950 hat Marisa Cantarelli ein neues Modell der Krankenpflege entwickelt, basierend auf ihrer pers\u00f6nlichen Erfahrung. Sie f\u00fchlte sich unwohl dabei, sich ausschlie\u00dflich auf vordefinierte Verfahren zu konzentrieren und Aufgaben zu erf\u00fcllen, anstatt sich auf die Betreuung der Person zu konzentrieren. Um diesen Wandel herbeizuf\u00fchren, betonte Marisa Cantarelli auch die Bedeutung, dass Krankenschwestern sich ihrer Rolle und ihrer F\u00e4higkeiten bewusst werden. Die Betreuung der Person als Schwerpunkt der Pflege anstelle der Erf\u00fcllung von bestimmten Aufgaben ist eine Philosophie, die BeeCare vollst\u00e4ndig teilt, sowie die Unterst\u00fctzung des Patienten bei der Erf\u00fcllung seiner grundlegenden Bed\u00fcrfnisse mit dem Ziel einer aktiven Autonomie, die Freude und Zufriedenheit bringt. Nachhaltigkeitsbericht 2022 Laden Sie die PDF-Datei herunter. Haben Sie weitere Fragen? Kontakt<\/p>\n","protected":false},"author":4,"featured_media":0,"parent":0,"menu_order":0,"comment_status":"closed","ping_status":"closed","template":"elementor_header_footer","meta":{"_relevanssi_hide_post":"","_relevanssi_hide_content":"","_relevanssi_pin_for_all":"","_relevanssi_pin_keywords":"","_relevanssi_unpin_keywords":"","_relevanssi_related_keywords":"","_relevanssi_related_include_ids":"","_relevanssi_related_exclude_ids":"","_relevanssi_related_no_append":"","_relevanssi_related_not_related":"","_relevanssi_related_posts":"","_relevanssi_noindex_reason":"","inline_featured_image":false,"_mbp_gutenberg_autopost":false,"_pgmb_is_evergreen":true,"_pgmb_ap_template_id":0,"footnotes":""},"class_list":["post-242757","page","type-page","status-publish","hentry"],"_links":{"self":[{"href":"https:\/\/beecare.ch\/de\/wp-json\/wp\/v2\/pages\/242757","targetHints":{"allow":["GET"]}}],"collection":[{"href":"https:\/\/beecare.ch\/de\/wp-json\/wp\/v2\/pages"}],"about":[{"href":"https:\/\/beecare.ch\/de\/wp-json\/wp\/v2\/types\/page"}],"author":[{"embeddable":true,"href":"https:\/\/beecare.ch\/de\/wp-json\/wp\/v2\/users\/4"}],"replies":[{"embeddable":true,"href":"https:\/\/beecare.ch\/de\/wp-json\/wp\/v2\/comments?post=242757"}],"version-history":[{"count":0,"href":"https:\/\/beecare.ch\/de\/wp-json\/wp\/v2\/pages\/242757\/revisions"}],"wp:attachment":[{"href":"https:\/\/beecare.ch\/de\/wp-json\/wp\/v2\/media?parent=242757"}],"curies":[{"name":"wp","href":"https:\/\/api.w.org\/{rel}","templated":true}]}}