{"id":242768,"date":"2023-01-16T13:44:15","date_gmt":"2023-01-16T11:44:15","guid":{"rendered":"https:\/\/beecare.ch\/?page_id=242768"},"modified":"2026-01-30T15:08:08","modified_gmt":"2026-01-30T13:08:08","slug":"unsere-geschichte","status":"publish","type":"page","link":"https:\/\/beecare.ch\/de\/unsere-geschichte\/","title":{"rendered":"Unsere Geschichte"},"content":{"rendered":"\t\t<div data-elementor-type=\"wp-page\" data-elementor-id=\"242768\" class=\"elementor elementor-242768 elementor-241277\" data-elementor-post-type=\"page\">\n\t\t\t\t\t\t<section class=\"elementor-section elementor-top-section elementor-element elementor-element-2f171cb elementor-section-height-min-height elementor-section-content-middle elementor-section-boxed elementor-section-height-default elementor-section-items-middle wpr-particle-no wpr-jarallax-no wpr-parallax-no wpr-sticky-section-no wpr-equal-height-no\" data-id=\"2f171cb\" data-element_type=\"section\" data-e-type=\"section\" data-settings=\"{&quot;background_background&quot;:&quot;classic&quot;}\">\n\t\t\t\t\t\t\t<div class=\"elementor-background-overlay\"><\/div>\n\t\t\t\t\t\t\t<div class=\"elementor-container elementor-column-gap-no\">\n\t\t\t\t\t<div class=\"elementor-column elementor-col-100 elementor-top-column elementor-element elementor-element-aab5ab4\" data-id=\"aab5ab4\" data-element_type=\"column\" data-e-type=\"column\">\n\t\t\t<div class=\"elementor-widget-wrap elementor-element-populated\">\n\t\t\t\t\t\t<div class=\"elementor-element elementor-element-86db595 elementor-view-default elementor-widget elementor-widget-icon\" data-id=\"86db595\" data-element_type=\"widget\" data-e-type=\"widget\" data-widget_type=\"icon.default\">\n\t\t\t\t\t\t\t<div class=\"elementor-icon-wrapper\">\n\t\t\t<div class=\"elementor-icon\">\n\t\t\t<svg xmlns=\"http:\/\/www.w3.org\/2000\/svg\" xmlns:xlink=\"http:\/\/www.w3.org\/1999\/xlink\" x=\"0px\" y=\"0px\" viewBox=\"0 0 64 64\" xml:space=\"preserve\"><g id=\"Grids\" display=\"none\">\t<g id=\"Grid_30_\" display=\"inline\">\t\t<g>\t\t\t<path fill=\"#FF0000\" d=\"M51.9,4.1v55.8H12.1V4.1H51.9 M52,4H12v56h40V4L52,4z\"><\/path>\t\t<\/g>\t\t<g>\t\t\t<path fill=\"#4600F0\" d=\"M59.9,12.1v39.8H4.1V12.1H59.9 M60,12H4v40h56V12L60,12z\"><\/path>\t\t<\/g>\t\t<g>\t\t\t<path fill=\"#F0C800\" d=\"M55.9,8.1v47.8H8.1V8.1H55.9 M56,8H8v48h48V8L56,8z\"><\/path>\t\t<\/g>\t\t<g>\t\t\t<path fill=\"#00F096\" d=\"M32,6.1c14.281,0,25.9,11.619,25.9,25.9S46.281,57.9,32,57.9S6.1,46.281,6.1,32S17.719,6.1,32,6.1 M32,6    C17.641,6,6,17.641,6,32s11.641,26,26,26s26-11.641,26-26S46.359,6,32,6L32,6z\"><\/path>\t\t<\/g>\t<\/g><\/g><g id=\"Captions\">\t<g>\t<\/g><\/g><g id=\"Icons\">\t<g>\t\t<rect x=\"43.5\" y=\"43.24\" width=\"1\" height=\"2.76\"><\/rect>\t\t<path d=\"M28.354,41.646l-0.707,0.707l2,2c0.195,0.195,0.512,0.195,0.707,0l4-4l-0.707-0.707L30,43.293L28.354,41.646z\"><\/path>\t\t<path d=\"M35.5,20v8.425c0,3.765,1.672,7.291,4.586,9.675l4.965,4.061c0.544,0.448,1.346,0.452,1.898,0l4.965-4.061   c2.914-2.384,4.586-5.911,4.586-9.675V20c0-1.378-1.121-2.5-2.5-2.5H38C36.621,17.5,35.5,18.622,35.5,20z M55.5,20v8.425   c0,3.463-1.538,6.708-4.219,8.901l-4.965,4.062c-0.184,0.149-0.449,0.15-0.633,0l-4.965-4.061   c-2.681-2.193-4.219-5.438-4.219-8.901V20c0-0.827,0.673-1.5,1.5-1.5h16C54.827,18.5,55.5,19.173,55.5,20z\"><\/path>\t\t<path d=\"M41,30.5h2.5V33c0,0.827,0.673,1.5,1.5,1.5h2c0.827,0,1.5-0.673,1.5-1.5v-2.5H51c0.827,0,1.5-0.673,1.5-1.5v-2   c0-0.827-0.673-1.5-1.5-1.5h-2.5V23c0-0.827-0.673-1.5-1.5-1.5h-2c-0.827,0-1.5,0.673-1.5,1.5v2.5H41c-0.827,0-1.5,0.673-1.5,1.5   v2C39.5,29.827,40.173,30.5,41,30.5z M40.5,27c0-0.276,0.225-0.5,0.5-0.5h3c0.276,0,0.5-0.224,0.5-0.5v-3   c0-0.276,0.225-0.5,0.5-0.5h2c0.275,0,0.5,0.224,0.5,0.5v3c0,0.276,0.224,0.5,0.5,0.5h3c0.275,0,0.5,0.224,0.5,0.5v2   c0,0.276-0.225,0.5-0.5,0.5h-3c-0.276,0-0.5,0.224-0.5,0.5v3c0,0.276-0.225,0.5-0.5,0.5h-2c-0.275,0-0.5-0.224-0.5-0.5v-3   c0-0.276-0.224-0.5-0.5-0.5h-3c-0.275,0-0.5-0.224-0.5-0.5V27z\"><\/path>\t\t<path d=\"M7.5,10v7c0,0.827,0.673,1.5,1.5,1.5h1v-1H9c-0.275,0-0.5-0.224-0.5-0.5v-7c0-0.827,0.673-1.5,1.5-1.5s1.5,0.673,1.5,1.5   v44c0,1.378,1.121,2.5,2.5,2.5h32c1.379,0,2.5-1.122,2.5-2.5v-5c0-0.827-0.673-1.5-1.5-1.5H17c-0.827,0-1.5,0.673-1.5,1.5v5   c0,0.827-0.673,1.5-1.5,1.5s-1.5-0.673-1.5-1.5V10c0-0.565-0.195-1.081-0.513-1.5H42c0.827,0,1.5,0.673,1.5,1.5v6h1v-6   c0-1.378-1.121-2.5-2.5-2.5H10C8.621,7.5,7.5,8.622,7.5,10z M16.5,54v-5c0-0.276,0.225-0.5,0.5-0.5h30c0.275,0,0.5,0.224,0.5,0.5   v5c0,0.827-0.673,1.5-1.5,1.5H15.999C16.313,55.082,16.5,54.563,16.5,54z\"><\/path>\t\t<path d=\"M33.646,15.646L30,19.293l-1.646-1.646l-0.707,0.707l2,2c0.195,0.195,0.512,0.195,0.707,0l4-4L33.646,15.646z\"><\/path>\t\t<path d=\"M33.646,27.646L30,31.293l-1.646-1.646l-0.707,0.707l2,2c0.195,0.195,0.512,0.195,0.707,0l4-4L33.646,27.646z\"><\/path>\t\t<rect x=\"16\" y=\"15.5\" width=\"10\" height=\"1\"><\/rect>\t\t<rect x=\"16\" y=\"17.5\" width=\"8\" height=\"1\"><\/rect>\t\t<rect x=\"16\" y=\"27.5\" width=\"10\" height=\"1\"><\/rect>\t\t<rect x=\"16\" y=\"29.5\" width=\"8\" height=\"1\"><\/rect>\t\t<rect x=\"16\" y=\"39.5\" width=\"10\" height=\"1\"><\/rect>\t\t<rect x=\"16\" y=\"41.5\" width=\"8\" height=\"1\"><\/rect>\t<\/g><\/g><\/svg>\t\t\t<\/div>\n\t\t<\/div>\n\t\t\t\t\t\t<\/div>\n\t\t\t\t<div class=\"elementor-element elementor-element-86b96c0 elementor-widget elementor-widget-heading\" data-id=\"86b96c0\" data-element_type=\"widget\" data-e-type=\"widget\" data-widget_type=\"heading.default\">\n\t\t\t\t\t<h1 class=\"elementor-heading-title elementor-size-default\">Unsere Geschichte<\/h1>\t\t\t\t<\/div>\n\t\t\t\t\t<\/div>\n\t\t<\/div>\n\t\t\t\t\t<\/div>\n\t\t<\/section>\n\t\t\t\t<section class=\"elementor-section elementor-top-section elementor-element elementor-element-1a23e809 elementor-section-content-middle elementor-section-boxed elementor-section-height-default elementor-section-height-default wpr-particle-no wpr-jarallax-no wpr-parallax-no wpr-sticky-section-no wpr-equal-height-no\" data-id=\"1a23e809\" data-element_type=\"section\" data-e-type=\"section\">\n\t\t\t\t\t\t<div class=\"elementor-container elementor-column-gap-no\">\n\t\t\t\t\t<div class=\"elementor-column elementor-col-50 elementor-top-column elementor-element elementor-element-5df2b363\" data-id=\"5df2b363\" data-element_type=\"column\" data-e-type=\"column\" data-settings=\"{&quot;background_background&quot;:&quot;classic&quot;}\">\n\t\t\t<div class=\"elementor-widget-wrap elementor-element-populated\">\n\t\t\t\t\t\t<div class=\"elementor-element elementor-element-a6c1643 elementor-widget elementor-widget-spacer\" data-id=\"a6c1643\" data-element_type=\"widget\" data-e-type=\"widget\" data-widget_type=\"spacer.default\">\n\t\t\t\t\t\t\t<div class=\"elementor-spacer\">\n\t\t\t<div class=\"elementor-spacer-inner\"><\/div>\n\t\t<\/div>\n\t\t\t\t\t\t<\/div>\n\t\t\t\t\t<\/div>\n\t\t<\/div>\n\t\t\t\t<div class=\"elementor-column elementor-col-50 elementor-top-column elementor-element elementor-element-257ae4f\" data-id=\"257ae4f\" data-element_type=\"column\" data-e-type=\"column\">\n\t\t\t<div class=\"elementor-widget-wrap elementor-element-populated\">\n\t\t\t\t\t\t<div class=\"elementor-element elementor-element-29f1528f elementor-widget elementor-widget-heading\" data-id=\"29f1528f\" data-element_type=\"widget\" data-e-type=\"widget\" data-widget_type=\"heading.default\">\n\t\t\t\t\t<h2 class=\"elementor-heading-title elementor-size-default\">Warum BeeCare geboren wurde<\/h2>\t\t\t\t<\/div>\n\t\t\t\t<div class=\"elementor-element elementor-element-2dd47d9 elementor-widget elementor-widget-text-editor\" data-id=\"2dd47d9\" data-element_type=\"widget\" data-e-type=\"widget\" data-widget_type=\"text-editor.default\">\n\t\t\t\t\t\t\t\t\t<p>Weil wir glauben, dass gute Arbeitsbedingungen f\u00fcr das Pflegepersonal sich in guter Pflege f\u00fcr die Nutzer und guten Beziehungen zu den Familien widerspiegeln.<\/p>\n<p>Weil wir glauben, dass der menschliche Kontakt Teil der Pflege ist.<\/p>\n<p>Weil wir an das glauben, was wir sagen, und es t\u00e4glich in unserer Arbeit anwenden.<\/p>\n\t\t\t\t\t\t\t\t<\/div>\n\t\t\t\t\t<\/div>\n\t\t<\/div>\n\t\t\t\t\t<\/div>\n\t\t<\/section>\n\t\t\t\t<section class=\"elementor-section elementor-top-section elementor-element elementor-element-7084bd82 elementor-section-boxed elementor-section-height-default elementor-section-height-default wpr-particle-no wpr-jarallax-no wpr-parallax-no wpr-sticky-section-no wpr-equal-height-no\" data-id=\"7084bd82\" data-element_type=\"section\" data-e-type=\"section\" data-settings=\"{&quot;background_background&quot;:&quot;classic&quot;}\">\n\t\t\t\t\t\t<div class=\"elementor-container elementor-column-gap-default\">\n\t\t\t\t\t<div class=\"elementor-column elementor-col-100 elementor-top-column elementor-element elementor-element-1444e702\" data-id=\"1444e702\" data-element_type=\"column\" data-e-type=\"column\">\n\t\t\t<div class=\"elementor-widget-wrap elementor-element-populated\">\n\t\t\t\t\t\t<div class=\"elementor-element elementor-element-55aab8b9 elementor-widget elementor-widget-heading\" data-id=\"55aab8b9\" data-element_type=\"widget\" data-e-type=\"widget\" id=\"tpi\" data-widget_type=\"heading.default\">\n\t\t\t\t\t<h2 class=\"elementor-heading-title elementor-size-default\">Die wichtigsten Meilensteine von BeeCare:<\/h2>\t\t\t\t<\/div>\n\t\t\t\t<div class=\"elementor-element elementor-element-5b3a2237 elementor-widget elementor-widget-text-editor\" data-id=\"5b3a2237\" data-element_type=\"widget\" data-e-type=\"widget\" data-widget_type=\"text-editor.default\">\n\t\t\t\t\t\t\t\t\t<p><span style=\"color: #febe00;\"><b>September 2016 \u2013 das Projekt und der Beginn<\/b><\/span><br \/>Im M\u00e4rz beginnen die Gr\u00fcnder von BeeCare mit dem Projekt zur Gr\u00fcndung eines Spitex und die Gesellschaft BeeCare SA mit Sitz in Paradiso wird gegr\u00fcndet. Ab dem ersten September sind drei Personen im Einsatz: eine Gesundheitsdirektorin, ein Verwaltungsdirektor und eine Krankenschwester.<\/p>\n<p>|<br \/>|<\/p>\n<p><span style=\"color: #febe00;\"><b>November 2016 \u2013 die h\u00e4usliche Pflege<\/b><\/span><br \/>Wir er\u00f6ffnen den Bereich der h\u00e4uslichen Pflege, um dem Bedarf der Familien gerecht zu werden, eine Pflegekraft auch nur f\u00fcr einige Stunden am Tag zu haben. Wir verwenden dasselbe Managementverfahren wie bei den Krankenschwestern: eine sorgf\u00e4ltige Auswahl, Schulung und Begleitung der Mitarbeiterin w\u00e4hrend ihres gesamten beruflichen Werdegangs, mit kontinuierlichem Feedback und Momenten des Zuh\u00f6rens und Dialogs. In einem arbeitsintensiven Beziehungsfeld ist es wichtig, dass es einen st\u00e4ndigen Austausch zwischen dem Mitarbeiter und seinen Vorgesetzten gibt.<\/p>\n<p>|<br \/>|<\/p>\n<p><span style=\"color: #febe00;\"><b>April 2017 \u2013 Kooperationen im Locarnese<\/b><\/span><br \/>Die B\u00fcros von BeeCare werden in Minusio er\u00f6ffnet, um die Region Sopraceneri zu bedienen, und die Zusammenarbeit mit ALVAD, dem \u00f6ffentlichen h\u00e4uslichen Pflegedienst im Locarnese, wird aufgenommen.<\/p>\n<p>|<br \/>|<\/p>\n<p><span style=\"color: #febe00;\"><b>M\u00e4rz 2018 \u2013 der neue Standort<\/b><\/span><br \/>BeeCare w\u00e4chst, wir stellen die hundertste Mitarbeiterin ein und verlegen die B\u00fcros von Paradiso (60 m\u00b2) nach Breganzona (130 m\u00b2), wo wir bis heute sind.<\/p>\n<p>|<br \/>|<\/p>\n<p><span style=\"color: #febe00;\"><b>September 2019 \u2013 der Personalleihdienst und der Beitritt zu ASPS<\/b><\/span><br \/>Das Projekt \u201ePersonalleihdienst\u201c entsteht aus der Idee, den Mitarbeitern des Spitex zu erm\u00f6glichen, eine zeitlich begrenzte Erfahrung in einem Altersheim zu machen. Die pandemische Zeit hat die Anfragen nach Leihdiensten von Seiten der Institutionen stark erh\u00f6ht.<br \/>BeeCare wird Mitglied von ASPS, der Association Spitex Priv\u00e9e Suisse, dem Verband der privaten Spitex in der Schweiz, und verpflichtet sich somit, den ethischen Kodex einzuhalten, den ASPS von den unterst\u00fctzten Familien und den Mitarbeitern verlangt.<\/p>\n<p>|<br \/>|<\/p>\n<p><span style=\"color: #febe00;\"><b>Juni 2020 \u2013 Integration der Gruppe Gesundheit und Gr\u00fcndung des Haushaltsdienstes f\u00fcr frischgebackene M\u00fctter<\/b><\/span><br \/>BeeCare integriert die traditionsreiche Spitex Gruppe Gesundheit sagl, die seit 2004 aktiv ist, und bildet ihr Team im Mendrisiotto mit Sitz in Chiasso. Das gesamte Personal der Gruppe Gesundheit wird von BeeCare \u00fcbernommen und die Nutzer werden in die Betreuung aufgenommen. Der Haushaltsdienst f\u00fcr frischgebackene M\u00fctter wird ins Leben gerufen: BeeCare stellt Haushaltshilfen zur Verf\u00fcgung, um frischgebackene M\u00fctter zu unterst\u00fctzen, f\u00fcr die der Arzt Hilfe im Wochenbett anfordert.<\/p>\n<p>|<br \/>|<\/p>\n<p><span style=\"color: #febe00;\"><b>September 2020 \u2013 Coronavirus-Zertifizierung und Projekt Corona Immunitas<\/b><\/span><br \/>Wir erhalten die Konformit\u00e4t, indem wir die Covid-19-Inspektion von Ias Register, einer von SAS SECO akkreditierten Zertifizierungsstelle, die gem\u00e4\u00df der EU-Verordnung 765 von 2008 anerkannt ist und die die Schweizerische Eidgenossenschaft einh\u00e4lt, bestehen. Wir werden als Partner des Projekts Corona Immunitas Ticino ausgew\u00e4hlt, einer von USI und SUPSI geleiteten Studie, die Teil eines nationalen Projekts ist, das vom Bundesamt f\u00fcr Gesundheit unterst\u00fctzt wird. Unsere Krankenschwestern k\u00fcmmern sich um die Blutabnahmen im Kanton Tessin.<\/p>\n<p>|<br \/>|<\/p>\n<p><span style=\"color: #febe00;\"><b>November 2021 \u2013 Family Score Zertifizierung<\/b><\/span><br \/>Die Stiftung Pro Familia Schweiz hat eine Umfrage durch anonyme Interviews mit den Mitarbeitern von BeeCare durchgef\u00fchrt, um die Familienpolitik und die Vereinbarkeit von Beruf und Familie des Unternehmens zu bewerten. BeeCare belegt unter den besten Pl\u00e4tzen im Tessin und liegt \u00fcber dem Schweizer Durchschnitt.<\/p>\n<p>|<br \/>|<\/p>\n<p><span style=\"color: #febe00;\"><b>Februar 2022 \u2013 neue Unternehmensstruktur<\/b><\/span><br \/>BeeCare SA wird zu BeeCare Spitex SA umgewandelt und die Dienstleistungen der h\u00e4uslichen Pflege und der Leihdienste werden getrennt, die in die neu gegr\u00fcndete BeeCare h\u00e4usliche Pflege SA \u00fcberf\u00fchrt werden.<\/p>\n<p>|<br \/>|<\/p>\n<p><span style=\"color: #febe00;\"><b>Oktober 2024 \u2013 Integration von Spitex Sana Cure<\/b><\/span><br \/>Sana Cure sagl war ein Spitex-Dienst, der von 2019 bis Oktober 2024 in Montagnola aktiv war, und im Oktober 2024, als die T\u00e4tigkeit eingestellt wurde, \u00fcbergibt er die Verantwortung an BeeCare.<br \/>BeeCare \u00fcbernimmt sowohl die Nutzer als auch das Pflege- und Betreuungspersonal und gew\u00e4hrleistet so den Nutzern die Kontinuit\u00e4t des Pflegeangebots und den Mitarbeiterinnen die vertragliche Kontinuit\u00e4t.|<br \/>|<\/p>\n<p><span style=\"color: #febe00;\"><b>Oktober 2024<\/b><\/span><br \/>BeeCare erh\u00e4lt die kantonale Bewilligung und er\u00f6ffnet den ambulanten Ergotherapiedienst, der in den eigenen Spitex-Dienst integriert wird.<\/p>\n<p>|<br \/>|<\/p>\n<p><span style=\"color: #febe00;\"><b>Januar 2025<\/b><\/span><br \/>BeeCare erh\u00e4lt die kantonale Bewilligung zur Erbringung von psychiatrischen Pflegeleistungen, die ebenfalls in denselben Spitex-Dienst integriert werden.<\/p>\n\t\t\t\t\t\t\t\t<\/div>\n\t\t\t\t\t<\/div>\n\t\t<\/div>\n\t\t\t\t\t<\/div>\n\t\t<\/section>\n\t\t<div class=\"elementor-element elementor-element-4679db9 e-con-full e-flex wpr-particle-no wpr-jarallax-no wpr-parallax-no wpr-sticky-section-no wpr-equal-height-no e-con e-parent\" data-id=\"4679db9\" data-element_type=\"container\" data-e-type=\"container\" data-settings=\"{&quot;background_background&quot;:&quot;classic&quot;}\">\n\t\t\t\t<div class=\"elementor-element elementor-element-f256b06 elementor-widget elementor-widget-heading\" data-id=\"f256b06\" data-element_type=\"widget\" data-e-type=\"widget\" data-widget_type=\"heading.default\">\n\t\t\t\t\t<span class=\"elementor-heading-title elementor-size-default\">Haben Sie weitere Fragen?<\/span>\t\t\t\t<\/div>\n\t\t\t\t<div class=\"elementor-element elementor-element-077f5f6 elementor-align-center elementor-widget elementor-widget-button\" data-id=\"077f5f6\" data-element_type=\"widget\" data-e-type=\"widget\" data-widget_type=\"button.default\">\n\t\t\t\t\t\t\t\t\t\t<a class=\"elementor-button elementor-button-link elementor-size-sm\" href=\"https:\/\/beecare.ch\/de\/kontakt\/\">\n\t\t\t\t\t\t<span class=\"elementor-button-content-wrapper\">\n\t\t\t\t\t\t\t\t\t<span class=\"elementor-button-text\">Kontakt<\/span>\n\t\t\t\t\t<\/span>\n\t\t\t\t\t<\/a>\n\t\t\t\t\t\t\t\t<\/div>\n\t\t\t\t<\/div>\n\t\t\t\t<\/div>\n\t\t","protected":false},"excerpt":{"rendered":"<p>Unsere Geschichte Warum BeeCare geboren wurde Weil wir glauben, dass gute Arbeitsbedingungen f\u00fcr das Pflegepersonal sich in guter Pflege f\u00fcr die Nutzer und guten Beziehungen zu den Familien widerspiegeln. Weil wir glauben, dass der menschliche Kontakt Teil der Pflege ist. Weil wir an das glauben, was wir sagen, und es t\u00e4glich in unserer Arbeit anwenden. Die wichtigsten Meilensteine von BeeCare: September 2016 \u2013 das Projekt und der BeginnIm M\u00e4rz beginnen die Gr\u00fcnder von BeeCare mit dem Projekt zur Gr\u00fcndung eines Spitex und die Gesellschaft BeeCare SA mit Sitz in Paradiso wird gegr\u00fcndet. Ab dem ersten September sind drei Personen im Einsatz: eine Gesundheitsdirektorin, ein Verwaltungsdirektor und eine Krankenschwester. || November 2016 \u2013 die h\u00e4usliche PflegeWir er\u00f6ffnen den Bereich der h\u00e4uslichen Pflege, um dem Bedarf der Familien gerecht zu werden, eine Pflegekraft auch nur f\u00fcr einige Stunden am Tag zu haben. Wir verwenden dasselbe Managementverfahren wie bei den Krankenschwestern: eine sorgf\u00e4ltige Auswahl, Schulung und Begleitung der Mitarbeiterin w\u00e4hrend ihres gesamten beruflichen Werdegangs, mit kontinuierlichem Feedback und Momenten des Zuh\u00f6rens und Dialogs. In einem arbeitsintensiven Beziehungsfeld ist es wichtig, dass es einen st\u00e4ndigen Austausch zwischen dem Mitarbeiter und seinen Vorgesetzten gibt. || April 2017 \u2013 Kooperationen im LocarneseDie B\u00fcros von BeeCare werden in Minusio er\u00f6ffnet, um die Region Sopraceneri zu bedienen, und die Zusammenarbeit mit ALVAD, dem \u00f6ffentlichen h\u00e4uslichen Pflegedienst im Locarnese, wird aufgenommen. || M\u00e4rz 2018 \u2013 der neue StandortBeeCare w\u00e4chst, wir stellen die hundertste Mitarbeiterin ein und verlegen die B\u00fcros von Paradiso (60 m\u00b2) nach Breganzona (130 m\u00b2), wo wir bis heute sind. || September 2019 \u2013 der Personalleihdienst und der Beitritt zu ASPSDas Projekt \u201ePersonalleihdienst\u201c entsteht aus der Idee, den Mitarbeitern des Spitex zu erm\u00f6glichen, eine zeitlich begrenzte Erfahrung in einem Altersheim zu machen. Die pandemische Zeit hat die Anfragen nach Leihdiensten von Seiten der Institutionen stark erh\u00f6ht.BeeCare wird Mitglied von ASPS, der Association Spitex Priv\u00e9e Suisse, dem Verband der privaten Spitex in der Schweiz, und verpflichtet sich somit, den ethischen Kodex einzuhalten, den ASPS von den unterst\u00fctzten Familien und den Mitarbeitern verlangt. || Juni 2020 \u2013 Integration der Gruppe Gesundheit und Gr\u00fcndung des Haushaltsdienstes f\u00fcr frischgebackene M\u00fctterBeeCare integriert die traditionsreiche Spitex Gruppe Gesundheit sagl, die seit 2004 aktiv ist, und bildet ihr Team im Mendrisiotto mit Sitz in Chiasso. Das gesamte Personal der Gruppe Gesundheit wird von BeeCare \u00fcbernommen und die Nutzer werden in die Betreuung aufgenommen. Der Haushaltsdienst f\u00fcr frischgebackene M\u00fctter wird ins Leben gerufen: BeeCare stellt Haushaltshilfen zur Verf\u00fcgung, um frischgebackene M\u00fctter zu unterst\u00fctzen, f\u00fcr die der Arzt Hilfe im Wochenbett anfordert. || September 2020 \u2013 Coronavirus-Zertifizierung und Projekt Corona ImmunitasWir erhalten die Konformit\u00e4t, indem wir die Covid-19-Inspektion von Ias Register, einer von SAS SECO akkreditierten Zertifizierungsstelle, die gem\u00e4\u00df der EU-Verordnung 765 von 2008 anerkannt ist und die die Schweizerische Eidgenossenschaft einh\u00e4lt, bestehen. Wir werden als Partner des Projekts Corona Immunitas Ticino ausgew\u00e4hlt, einer von USI und SUPSI geleiteten Studie, die Teil eines nationalen Projekts ist, das vom Bundesamt f\u00fcr Gesundheit unterst\u00fctzt wird. Unsere Krankenschwestern k\u00fcmmern sich um die Blutabnahmen im Kanton Tessin. || November 2021 \u2013 Family Score ZertifizierungDie Stiftung Pro Familia Schweiz hat eine Umfrage durch anonyme Interviews mit den Mitarbeitern von BeeCare durchgef\u00fchrt, um die Familienpolitik und die Vereinbarkeit von Beruf und Familie des Unternehmens zu bewerten. BeeCare belegt unter den besten Pl\u00e4tzen im Tessin und liegt \u00fcber dem Schweizer Durchschnitt. || Februar 2022 \u2013 neue UnternehmensstrukturBeeCare SA wird zu BeeCare Spitex SA umgewandelt und die Dienstleistungen der h\u00e4uslichen Pflege und der Leihdienste werden getrennt, die in die neu gegr\u00fcndete BeeCare h\u00e4usliche Pflege SA \u00fcberf\u00fchrt werden. || Oktober 2024 \u2013 Integration von Spitex Sana CureSana Cure sagl war ein Spitex-Dienst, der von 2019 bis Oktober 2024 in Montagnola aktiv war, und im Oktober 2024, als die T\u00e4tigkeit eingestellt wurde, \u00fcbergibt er die Verantwortung an BeeCare.BeeCare \u00fcbernimmt sowohl die Nutzer als auch das Pflege- und Betreuungspersonal und gew\u00e4hrleistet so den Nutzern die Kontinuit\u00e4t des Pflegeangebots und den Mitarbeiterinnen die vertragliche Kontinuit\u00e4t.|| Oktober 2024BeeCare erh\u00e4lt die kantonale Bewilligung und er\u00f6ffnet den ambulanten Ergotherapiedienst, der in den eigenen Spitex-Dienst integriert wird. || Januar 2025BeeCare erh\u00e4lt die kantonale Bewilligung zur Erbringung von psychiatrischen Pflegeleistungen, die ebenfalls in denselben Spitex-Dienst integriert werden. Haben Sie weitere Fragen? Kontakt<\/p>\n","protected":false},"author":4,"featured_media":237362,"parent":0,"menu_order":0,"comment_status":"closed","ping_status":"open","template":"elementor_header_footer","meta":{"_relevanssi_hide_post":"","_relevanssi_hide_content":"","_relevanssi_pin_for_all":"","_relevanssi_pin_keywords":"","_relevanssi_unpin_keywords":"","_relevanssi_related_keywords":"","_relevanssi_related_include_ids":"","_relevanssi_related_exclude_ids":"","_relevanssi_related_no_append":"","_relevanssi_related_not_related":"","_relevanssi_related_posts":"","_relevanssi_noindex_reason":"","inline_featured_image":false,"_mbp_gutenberg_autopost":false,"_pgmb_is_evergreen":true,"_pgmb_ap_template_id":0,"footnotes":""},"class_list":["post-242768","page","type-page","status-publish","has-post-thumbnail","hentry"],"_links":{"self":[{"href":"https:\/\/beecare.ch\/de\/wp-json\/wp\/v2\/pages\/242768","targetHints":{"allow":["GET"]}}],"collection":[{"href":"https:\/\/beecare.ch\/de\/wp-json\/wp\/v2\/pages"}],"about":[{"href":"https:\/\/beecare.ch\/de\/wp-json\/wp\/v2\/types\/page"}],"author":[{"embeddable":true,"href":"https:\/\/beecare.ch\/de\/wp-json\/wp\/v2\/users\/4"}],"replies":[{"embeddable":true,"href":"https:\/\/beecare.ch\/de\/wp-json\/wp\/v2\/comments?post=242768"}],"version-history":[{"count":3,"href":"https:\/\/beecare.ch\/de\/wp-json\/wp\/v2\/pages\/242768\/revisions"}],"predecessor-version":[{"id":253105,"href":"https:\/\/beecare.ch\/de\/wp-json\/wp\/v2\/pages\/242768\/revisions\/253105"}],"wp:featuredmedia":[{"embeddable":true,"href":"https:\/\/beecare.ch\/de\/wp-json\/wp\/v2\/media\/237362"}],"wp:attachment":[{"href":"https:\/\/beecare.ch\/de\/wp-json\/wp\/v2\/media?parent=242768"}],"curies":[{"name":"wp","href":"https:\/\/api.w.org\/{rel}","templated":true}]}}