{"id":248497,"date":"2024-12-24T13:27:21","date_gmt":"2024-12-24T11:27:21","guid":{"rendered":"https:\/\/beecare.ch\/?page_id=248497"},"modified":"2024-12-24T13:49:06","modified_gmt":"2024-12-24T11:49:06","slug":"ergotherapie","status":"publish","type":"page","link":"https:\/\/beecare.ch\/de\/ergotherapie\/","title":{"rendered":"Ergotherapie"},"content":{"rendered":"\t\t<div data-elementor-type=\"wp-page\" data-elementor-id=\"248497\" class=\"elementor elementor-248497 elementor-248491\" data-elementor-post-type=\"page\">\n\t\t\t\t<div class=\"elementor-element elementor-element-8ae20d9 e-flex e-con-boxed wpr-particle-no wpr-jarallax-no wpr-parallax-no wpr-sticky-section-no wpr-column-slider-no wpr-equal-height-no e-con e-parent\" data-id=\"8ae20d9\" data-element_type=\"container\" data-e-type=\"container\">\n\t\t\t\t\t<div class=\"e-con-inner\">\n\t\t<div class=\"elementor-element elementor-element-0a6393c e-con-full e-flex wpr-particle-no wpr-jarallax-no wpr-parallax-no wpr-sticky-section-no wpr-column-slider-no wpr-equal-height-no e-con e-child\" data-id=\"0a6393c\" data-element_type=\"container\" data-e-type=\"container\" data-settings=\"{&quot;background_background&quot;:&quot;classic&quot;}\">\n\t\t\t\t<\/div>\n\t\t<div class=\"elementor-element elementor-element-8996ee1 e-con-full e-flex wpr-particle-no wpr-jarallax-no wpr-parallax-no wpr-sticky-section-no wpr-column-slider-no wpr-equal-height-no e-con e-child\" data-id=\"8996ee1\" data-element_type=\"container\" data-e-type=\"container\">\n\t\t\t\t<div class=\"elementor-element elementor-element-621691c elementor-widget elementor-widget-heading\" data-id=\"621691c\" data-element_type=\"widget\" data-e-type=\"widget\" data-widget_type=\"heading.default\">\n\t\t\t\t\t<h1 class=\"elementor-heading-title elementor-size-default\">H\u00e4uslicher Ergotherapie-Service<\/h1>\t\t\t\t<\/div>\n\t\t\t\t<div class=\"elementor-element elementor-element-3aee07a elementor-widget elementor-widget-text-editor\" data-id=\"3aee07a\" data-element_type=\"widget\" data-e-type=\"widget\" data-widget_type=\"text-editor.default\">\n\t\t\t\t\t\t\t\t\t<p>Die Ergotherapeutin hilft dem Patienten, die Bewegungen zu erhalten oder wiederzuerlangen, die es ihm erm\u00f6glichen, <strong>an den Aktivit\u00e4ten des t\u00e4glichen Lebens (ATL) teilzunehmen.<\/strong><\/p>\n<p>Ergotherapeutische Ma\u00dfnahmen richten sich an Menschen, die aufgrund von Krankheit, Alter oder Unfall Schwierigkeiten <strong>bei ihren t\u00e4glichen Aktivit\u00e4ten <\/strong>haben. Ziel ist es, so viel Unabh\u00e4ngigkeit wie m\u00f6glich wiederzuerlangen und zu erhalten.<\/p>\n<p>BeeCare hat diesen Heimservice eingef\u00fchrt, um seinen Patienten oder allen, die zu Hause betreut werden m\u00fcssen, mehr Komfort zu bieten.<\/p>\n<p>Zudem wird die Konfrontation und Vernetzung zwischen den Pflege-Fachpersonen (Spitex, Ergotherapeuten, behandelnde \u00c4rzte usw.) erleichtert, was einen Mehrwert f\u00fcr die zu behandelnde Person und die Familie darstellt.<\/p>\n<p>Die Ergotherapie wird von der Grundversicherung und der Sozialversicherung SUVA\/AI sowie der Milit\u00e4rversicherung auf <strong>\u00e4rztliche Verschreibung <\/strong>anerkannt und verg\u00fctet<strong>.<\/strong><\/p>\n\t\t\t\t\t\t\t\t<\/div>\n\t\t\t\t<\/div>\n\t\t\t\t\t<\/div>\n\t\t\t\t<\/div>\n\t\t<div class=\"elementor-element elementor-element-2b4df0e e-flex e-con-boxed wpr-particle-no wpr-jarallax-no wpr-parallax-no wpr-sticky-section-no wpr-column-slider-no wpr-equal-height-no e-con e-parent\" data-id=\"2b4df0e\" data-element_type=\"container\" data-e-type=\"container\" data-settings=\"{&quot;background_background&quot;:&quot;classic&quot;}\">\n\t\t\t\t\t<div class=\"e-con-inner\">\n\t\t<div class=\"elementor-element elementor-element-b88583e e-con-full e-flex wpr-particle-no wpr-jarallax-no wpr-parallax-no wpr-sticky-section-no wpr-column-slider-no wpr-equal-height-no e-con e-child\" data-id=\"b88583e\" data-element_type=\"container\" data-e-type=\"container\" data-settings=\"{&quot;background_background&quot;:&quot;classic&quot;}\">\n\t\t\t\t<\/div>\n\t\t<div class=\"elementor-element elementor-element-545db58 e-con-full e-flex wpr-particle-no wpr-jarallax-no wpr-parallax-no wpr-sticky-section-no wpr-column-slider-no wpr-equal-height-no e-con e-child\" data-id=\"545db58\" data-element_type=\"container\" data-e-type=\"container\">\n\t\t\t\t<div class=\"elementor-element elementor-element-4119b55 elementor-widget elementor-widget-heading\" data-id=\"4119b55\" data-element_type=\"widget\" data-e-type=\"widget\" data-widget_type=\"heading.default\">\n\t\t\t\t\t<h2 class=\"elementor-heading-title elementor-size-default\">Die Intervention des Ergotherapeuten<\/h2>\t\t\t\t<\/div>\n\t\t\t\t<div class=\"elementor-element elementor-element-abd1df7 elementor-widget elementor-widget-text-editor\" data-id=\"abd1df7\" data-element_type=\"widget\" data-e-type=\"widget\" data-widget_type=\"text-editor.default\">\n\t\t\t\t\t\t\t\t\t<p>Die verschiedenen Interventionsbereiche umfassen F\u00e4lle von <strong>motorischen Schwierigkeiten, Gleichgewichtsst\u00f6rungen, kognitiven St\u00f6rungen und bei der R\u00fcckkehr nach Hause nach einem Krankenhausaufenthalt<\/strong>. Im Einzelnen kann die Therapie in den folgenden Bereichen eingesetzt werden:<\/p>\n<ul>\n<li>Geriatrie\/Psychogeriatrie\n<ul>\n<li>Pr\u00e4vention von St\u00fcrzen, Gleichgewichtsst\u00f6rungen, Demenz usw.<\/li>\n<\/ul>\n<\/li>\n<li>Neurologie\n<ul>\n<li>ZNS-Erkrankungen, Parkinson, Multiple Sklerose, Schlaganfall usw.<\/li>\n<\/ul>\n<\/li>\n<li>Orthop\u00e4die\/Rheumatologie\n<ul>\n<li>Arthrosen, rheumatische Erkrankungen im Allgemeinen, Verletzungen der oberen und unteren Gliedma\u00dfen, Amputationen usw.<\/li>\n<\/ul>\n<\/li>\n<\/ul>\n\t\t\t\t\t\t\t\t<\/div>\n\t\t\t\t<\/div>\n\t\t\t\t\t<\/div>\n\t\t\t\t<\/div>\n\t\t<div class=\"elementor-element elementor-element-9291009 e-flex e-con-boxed wpr-particle-no wpr-jarallax-no wpr-parallax-no wpr-sticky-section-no wpr-column-slider-no wpr-equal-height-no e-con e-parent\" data-id=\"9291009\" data-element_type=\"container\" data-e-type=\"container\" data-settings=\"{&quot;background_background&quot;:&quot;classic&quot;}\">\n\t\t\t\t\t<div class=\"e-con-inner\">\n\t\t\t\t<div class=\"elementor-element elementor-element-1a32f01 elementor-widget__width-initial elementor-widget elementor-widget-heading\" data-id=\"1a32f01\" data-element_type=\"widget\" data-e-type=\"widget\" data-widget_type=\"heading.default\">\n\t\t\t\t\t<p class=\"elementor-heading-title elementor-size-default\"><i>Der Mensch kann durch den Gebrauch seiner H\u00e4nde, die von seinem Geist und Willen angetrieben werden, den Zustand seiner Gesundheit beeinflussen.<br><br><\/i><b>Mary Reilly<\/b> <\/p>\t\t\t\t<\/div>\n\t\t\t\t\t<\/div>\n\t\t\t\t<\/div>\n\t\t<div class=\"elementor-element elementor-element-ab83756 e-flex e-con-boxed wpr-particle-no wpr-jarallax-no wpr-parallax-no wpr-sticky-section-no wpr-column-slider-no wpr-equal-height-no e-con e-parent\" data-id=\"ab83756\" data-element_type=\"container\" data-e-type=\"container\">\n\t\t\t\t\t<div class=\"e-con-inner\">\n\t\t<div class=\"elementor-element elementor-element-e3362a9 e-con-full e-flex wpr-particle-no wpr-jarallax-no wpr-parallax-no wpr-sticky-section-no wpr-column-slider-no wpr-equal-height-no e-con e-child\" data-id=\"e3362a9\" data-element_type=\"container\" data-e-type=\"container\">\n\t\t\t\t<div class=\"elementor-element elementor-element-1a35d8a elementor-widget__width-initial elementor-widget-mobile__width-inherit elementor-widget elementor-widget-tp-info-box\" data-id=\"1a35d8a\" data-element_type=\"widget\" data-e-type=\"widget\" data-widget_type=\"tp-info-box.default\">\n\t\t\t\t\t<div id=\"info_box6a039c1113ad2\" class=\"pt_plus_info_box hover_normal    info_box6a039c1113ad2 info-box-style_3      \"  data-id=\"info_box6a039c1113ad2\"    dir= data-connection=\"\" data-eventtype=\"\" ><div class=\"post-inner-loop \"><div class=\"info-box-inner content_hover_effect  tp-info-nc\"   ><div class=\"info-box-bg-box     \" ><div class=\"info-box-content\"><div class=\"service-center  \"><div class=\"info-icon-content\"><img fetchpriority=\"high\" decoding=\"async\" width=\"768\" height=\"512\" src=\"https:\/\/beecare.ch\/immagini\/modifica-ambiente-768x512.webp\" class=\"service-img\" alt=\"\" srcset=\"https:\/\/beecare.ch\/immagini\/modifica-ambiente-768x512.webp 768w, https:\/\/beecare.ch\/immagini\/modifica-ambiente-300x200.webp 300w, https:\/\/beecare.ch\/immagini\/modifica-ambiente-1024x683.webp 1024w, https:\/\/beecare.ch\/immagini\/modifica-ambiente.webp 1152w\" sizes=\"(max-width: 768px) 100vw, 768px\" title=\"\"><\/div><div class=\"service-border\"> <\/div><div class=\"service-desc\"> <p>Ver\u00e4nderung der Umgebung, z. B. durch rutschfeste Streifen, Griffe und Handl\u00e4ufe.<\/p> <\/div><\/div><\/div><div class=\"infobox-overlay-color \"><\/div><\/div><\/div><\/div><\/div>\t\t\t\t<\/div>\n\t\t\t\t<div class=\"elementor-element elementor-element-504f675 elementor-widget__width-initial elementor-widget-mobile__width-inherit elementor-widget elementor-widget-tp-info-box\" data-id=\"504f675\" data-element_type=\"widget\" data-e-type=\"widget\" data-widget_type=\"tp-info-box.default\">\n\t\t\t\t\t<div id=\"info_box6a039c1116a1f\" class=\"pt_plus_info_box hover_normal    info_box6a039c1116a1f info-box-style_3      \"  data-id=\"info_box6a039c1116a1f\"    dir= data-connection=\"\" data-eventtype=\"\" ><div class=\"post-inner-loop \"><div class=\"info-box-inner content_hover_effect  tp-info-nc\"   ><div class=\"info-box-bg-box     \" ><div class=\"info-box-content\"><div class=\"service-center  \"><div class=\"info-icon-content\"><img decoding=\"async\" width=\"768\" height=\"512\" src=\"https:\/\/beecare.ch\/immagini\/adattamento-del-metodo-1-768x512.webp\" class=\"service-img\" alt=\"\" srcset=\"https:\/\/beecare.ch\/immagini\/adattamento-del-metodo-1-768x512.webp 768w, https:\/\/beecare.ch\/immagini\/adattamento-del-metodo-1-300x200.webp 300w, https:\/\/beecare.ch\/immagini\/adattamento-del-metodo-1-1024x683.webp 1024w, https:\/\/beecare.ch\/immagini\/adattamento-del-metodo-1.webp 1152w\" sizes=\"(max-width: 768px) 100vw, 768px\" title=\"\"><\/div><div class=\"service-border\"> <\/div><div class=\"service-desc\"> <p>Anpassung der Arbeitsmethode, z. B. durch die Verwendung von rutschfesten Matten zur Erh\u00f6hung des Widerstands oder mit Klemmen verschiedener Art.<\/p> <\/div><\/div><\/div><div class=\"infobox-overlay-color \"><\/div><\/div><\/div><\/div><\/div>\t\t\t\t<\/div>\n\t\t\t\t<div class=\"elementor-element elementor-element-e7de0b5 elementor-widget__width-initial elementor-widget-mobile__width-inherit elementor-widget elementor-widget-tp-info-box\" data-id=\"e7de0b5\" data-element_type=\"widget\" data-e-type=\"widget\" data-widget_type=\"tp-info-box.default\">\n\t\t\t\t\t<div id=\"info_box6a039c1119a61\" class=\"pt_plus_info_box hover_normal    info_box6a039c1119a61 info-box-style_3      \"  data-id=\"info_box6a039c1119a61\"    dir= data-connection=\"\" data-eventtype=\"\" ><div class=\"post-inner-loop \"><div class=\"info-box-inner content_hover_effect  tp-info-nc\"   ><div class=\"info-box-bg-box     \" ><div class=\"info-box-content\"><div class=\"service-center  \"><div class=\"info-icon-content\"><img decoding=\"async\" width=\"1152\" height=\"768\" src=\"https:\/\/beecare.ch\/immagini\/adattamento-degli-oggetti.webp\" class=\"service-img\" alt=\"\" srcset=\"https:\/\/beecare.ch\/immagini\/adattamento-degli-oggetti.webp 1152w, https:\/\/beecare.ch\/immagini\/adattamento-degli-oggetti-300x200.webp 300w, https:\/\/beecare.ch\/immagini\/adattamento-degli-oggetti-1024x683.webp 1024w, https:\/\/beecare.ch\/immagini\/adattamento-degli-oggetti-768x512.webp 768w\" sizes=\"(max-width: 1152px) 100vw, 1152px\" title=\"\"><\/div><div class=\"service-border\"> <\/div><div class=\"service-desc\"> <p>Anpassung von Gegenst\u00e4nden, z. B. durch vergr\u00f6\u00dferte Griffe, um das Greifen zu erleichtern.<\/p> <\/div><\/div><\/div><div class=\"infobox-overlay-color \"><\/div><\/div><\/div><\/div><\/div>\t\t\t\t<\/div>\n\t\t\t\t<\/div>\n\t\t\t\t\t<\/div>\n\t\t\t\t<\/div>\n\t\t<div class=\"elementor-element elementor-element-6de98ca e-flex e-con-boxed wpr-particle-no wpr-jarallax-no wpr-parallax-no wpr-sticky-section-no wpr-column-slider-no wpr-equal-height-no e-con e-parent\" data-id=\"6de98ca\" data-element_type=\"container\" data-e-type=\"container\" data-settings=\"{&quot;background_background&quot;:&quot;classic&quot;}\">\n\t\t\t\t\t<div class=\"e-con-inner\">\n\t\t<div class=\"elementor-element elementor-element-fe328a9 e-con-full e-flex wpr-particle-no wpr-jarallax-no wpr-parallax-no wpr-sticky-section-no wpr-column-slider-no wpr-equal-height-no e-con e-child\" data-id=\"fe328a9\" data-element_type=\"container\" data-e-type=\"container\" data-settings=\"{&quot;background_background&quot;:&quot;classic&quot;}\">\n\t\t\t\t<\/div>\n\t\t<div class=\"elementor-element elementor-element-8f8ba23 e-con-full e-flex wpr-particle-no wpr-jarallax-no wpr-parallax-no wpr-sticky-section-no wpr-column-slider-no wpr-equal-height-no e-con e-child\" data-id=\"8f8ba23\" data-element_type=\"container\" data-e-type=\"container\">\n\t\t\t\t<div class=\"elementor-element elementor-element-98a5b1d elementor-widget elementor-widget-heading\" data-id=\"98a5b1d\" data-element_type=\"widget\" data-e-type=\"widget\" data-widget_type=\"heading.default\">\n\t\t\t\t\t<h2 class=\"elementor-heading-title elementor-size-default\">Was ist Ergotherapie<\/h2>\t\t\t\t<\/div>\n\t\t\t\t<div class=\"elementor-element elementor-element-7b5874d elementor-widget elementor-widget-text-editor\" data-id=\"7b5874d\" data-element_type=\"widget\" data-e-type=\"widget\" data-widget_type=\"text-editor.default\">\n\t\t\t\t\t\t\t\t\t<p>Der ergotherapeutische Service findet in der allt\u00e4glichen Lebensumgebung statt, wo die betreuende Therapeutin beratend mit praktischen \u00dcbungen eingreift.<\/p>\n<p>Die Ergotherapie ist individuell und an die Bed\u00fcrfnisse der Person angepasst. Zu den h\u00e4uslichen Aktivit\u00e4ten geh\u00f6ren:<\/p>\n<ul>\n<li>Erstbewertung zur Ermittlung von Ressourcen und Problemen im Alltag.<\/li>\n<li>Bewertung der Wohnumgebung mit Beratung \u00fcber m\u00f6gliche Anpassungen, um die R\u00e4ume sicher und autonomiefreundlich zu gestalten.<\/li>\n<li>Training grundlegender und komplexer allt\u00e4glicher Aktivit\u00e4ten durch spezifische \u00dcbungen der motorischen und kognitiven Funktionen, die f\u00fcr die Aus\u00fcbung aller Arten von Aktivit\u00e4ten unerl\u00e4sslich sind.<\/li>\n<li>Analyse der Ergonomie und des Gelenkschutzes, Anpassung von Hilfsmitteln und Anleitung zu ihrer richtigen Verwendung.<\/li>\n<\/ul>\n\t\t\t\t\t\t\t\t<\/div>\n\t\t\t\t<\/div>\n\t\t\t\t\t<\/div>\n\t\t\t\t<\/div>\n\t\t<div class=\"elementor-element elementor-element-64d9dc7 e-flex e-con-boxed wpr-particle-no wpr-jarallax-no wpr-parallax-no wpr-sticky-section-no wpr-column-slider-no wpr-equal-height-no e-con e-parent\" data-id=\"64d9dc7\" data-element_type=\"container\" data-e-type=\"container\" data-settings=\"{&quot;background_background&quot;:&quot;classic&quot;}\">\n\t\t\t\t\t<div class=\"e-con-inner\">\n\t\t<div class=\"elementor-element elementor-element-a0ebf4a e-con-full e-flex wpr-particle-no wpr-jarallax-no wpr-parallax-no wpr-sticky-section-no wpr-column-slider-no wpr-equal-height-no e-con e-child\" data-id=\"a0ebf4a\" data-element_type=\"container\" data-e-type=\"container\" data-settings=\"{&quot;background_background&quot;:&quot;classic&quot;}\">\n\t\t\t\t<div class=\"elementor-element elementor-element-f599926 elementor-widget elementor-widget-spacer\" data-id=\"f599926\" data-element_type=\"widget\" data-e-type=\"widget\" data-widget_type=\"spacer.default\">\n\t\t\t\t\t\t\t<div class=\"elementor-spacer\">\n\t\t\t<div class=\"elementor-spacer-inner\"><\/div>\n\t\t<\/div>\n\t\t\t\t\t\t<\/div>\n\t\t\t\t<\/div>\n\t\t<div class=\"elementor-element elementor-element-86c1cda e-con-full e-flex wpr-particle-no wpr-jarallax-no wpr-parallax-no wpr-sticky-section-no wpr-column-slider-no wpr-equal-height-no e-con e-child\" data-id=\"86c1cda\" data-element_type=\"container\" data-e-type=\"container\">\n\t\t\t\t<div class=\"elementor-element elementor-element-08dfd4f elementor-widget elementor-widget-heading\" data-id=\"08dfd4f\" data-element_type=\"widget\" data-e-type=\"widget\" data-widget_type=\"heading.default\">\n\t\t\t\t\t<h2 class=\"elementor-heading-title elementor-size-default\">Krankenversicherungs-Abrechnung <\/h2>\t\t\t\t<\/div>\n\t\t\t\t<div class=\"elementor-element elementor-element-eb4540c elementor-widget elementor-widget-text-editor\" data-id=\"eb4540c\" data-element_type=\"widget\" data-e-type=\"widget\" data-widget_type=\"text-editor.default\">\n\t\t\t\t\t\t\t\t\t<p>Die Leistungen werden pro volle angefangene Viertelstunde zu den folgenden S\u00e4tzen direkt mit der Grundversicherung der Krankenkasse abgerechnet:<\/p>\n<ul>\n<li>Dienstleistungen in Anwesenheit des Kunden CHF\/Stunde 105.60<\/li>\n<li>Dienstleistungen bei Abwesenheit des Kunden CHF\/Stunde 79.20<\/li>\n<li>Reise (Dauer) CHF\/Stunde 39.60<\/li>\n<li>Fahrtstrecke (Kilometer) 0,60\/km<\/li>\n<\/ul>\n\t\t\t\t\t\t\t\t<\/div>\n\t\t\t\t<\/div>\n\t\t\t\t\t<\/div>\n\t\t\t\t<\/div>\n\t\t<div class=\"elementor-element elementor-element-5a0b51d e-con-full e-flex wpr-particle-no wpr-jarallax-no wpr-parallax-no wpr-sticky-section-no wpr-column-slider-no wpr-equal-height-no e-con e-parent\" data-id=\"5a0b51d\" data-element_type=\"container\" data-e-type=\"container\" data-settings=\"{&quot;background_background&quot;:&quot;classic&quot;}\">\n\t\t\t\t<div class=\"elementor-element elementor-element-6259d2c elementor-widget elementor-widget-heading\" data-id=\"6259d2c\" data-element_type=\"widget\" data-e-type=\"widget\" data-widget_type=\"heading.default\">\n\t\t\t\t\t<span class=\"elementor-heading-title elementor-size-default\">Haben Sie weitere Fragen?<\/span>\t\t\t\t<\/div>\n\t\t\t\t<div class=\"elementor-element elementor-element-aaa0272 elementor-align-center elementor-widget elementor-widget-button\" data-id=\"aaa0272\" data-element_type=\"widget\" data-e-type=\"widget\" data-widget_type=\"button.default\">\n\t\t\t\t\t\t\t\t\t\t<a class=\"elementor-button elementor-button-link elementor-size-sm\" href=\"https:\/\/beecare.ch\/de\/kontakt\/\">\n\t\t\t\t\t\t<span class=\"elementor-button-content-wrapper\">\n\t\t\t\t\t\t\t\t\t<span class=\"elementor-button-text\">Kontakt<\/span>\n\t\t\t\t\t<\/span>\n\t\t\t\t\t<\/a>\n\t\t\t\t\t\t\t\t<\/div>\n\t\t\t\t<\/div>\n\t\t\t\t<\/div>\n\t\t","protected":false},"excerpt":{"rendered":"<p>H\u00e4uslicher Ergotherapie-Service Die Ergotherapeutin hilft dem Patienten, die Bewegungen zu erhalten oder wiederzuerlangen, die es ihm erm\u00f6glichen, an den Aktivit\u00e4ten des t\u00e4glichen Lebens (ATL) teilzunehmen. Ergotherapeutische Ma\u00dfnahmen richten sich an Menschen, die aufgrund von Krankheit, Alter oder Unfall Schwierigkeiten bei ihren t\u00e4glichen Aktivit\u00e4ten haben. Ziel ist es, so viel Unabh\u00e4ngigkeit wie m\u00f6glich wiederzuerlangen und zu erhalten. BeeCare hat diesen Heimservice eingef\u00fchrt, um seinen Patienten oder allen, die zu Hause betreut werden m\u00fcssen, mehr Komfort zu bieten. Zudem wird die Konfrontation und Vernetzung zwischen den Pflege-Fachpersonen (Spitex, Ergotherapeuten, behandelnde \u00c4rzte usw.) erleichtert, was einen Mehrwert f\u00fcr die zu behandelnde Person und die Familie darstellt. Die Ergotherapie wird von der Grundversicherung und der Sozialversicherung SUVA\/AI sowie der Milit\u00e4rversicherung auf \u00e4rztliche Verschreibung anerkannt und verg\u00fctet. Die Intervention des Ergotherapeuten Die verschiedenen Interventionsbereiche umfassen F\u00e4lle von motorischen Schwierigkeiten, Gleichgewichtsst\u00f6rungen, kognitiven St\u00f6rungen und bei der R\u00fcckkehr nach Hause nach einem Krankenhausaufenthalt. Im Einzelnen kann die Therapie in den folgenden Bereichen eingesetzt werden: Geriatrie\/Psychogeriatrie Pr\u00e4vention von St\u00fcrzen, Gleichgewichtsst\u00f6rungen, Demenz usw. Neurologie ZNS-Erkrankungen, Parkinson, Multiple Sklerose, Schlaganfall usw. Orthop\u00e4die\/Rheumatologie Arthrosen, rheumatische Erkrankungen im Allgemeinen, Verletzungen der oberen und unteren Gliedma\u00dfen, Amputationen usw. Der Mensch kann durch den Gebrauch seiner H\u00e4nde, die von seinem Geist und Willen angetrieben werden, den Zustand seiner Gesundheit beeinflussen. Mary Reilly Ver\u00e4nderung der Umgebung, z. B. durch rutschfeste Streifen, Griffe und Handl\u00e4ufe. Anpassung der Arbeitsmethode, z. B. durch die Verwendung von rutschfesten Matten zur Erh\u00f6hung des Widerstands oder mit Klemmen verschiedener Art. Anpassung von Gegenst\u00e4nden, z. B. durch vergr\u00f6\u00dferte Griffe, um das Greifen zu erleichtern. Was ist Ergotherapie Der ergotherapeutische Service findet in der allt\u00e4glichen Lebensumgebung statt, wo die betreuende Therapeutin beratend mit praktischen \u00dcbungen eingreift. Die Ergotherapie ist individuell und an die Bed\u00fcrfnisse der Person angepasst. Zu den h\u00e4uslichen Aktivit\u00e4ten geh\u00f6ren: Erstbewertung zur Ermittlung von Ressourcen und Problemen im Alltag. Bewertung der Wohnumgebung mit Beratung \u00fcber m\u00f6gliche Anpassungen, um die R\u00e4ume sicher und autonomiefreundlich zu gestalten. Training grundlegender und komplexer allt\u00e4glicher Aktivit\u00e4ten durch spezifische \u00dcbungen der motorischen und kognitiven Funktionen, die f\u00fcr die Aus\u00fcbung aller Arten von Aktivit\u00e4ten unerl\u00e4sslich sind. Analyse der Ergonomie und des Gelenkschutzes, Anpassung von Hilfsmitteln und Anleitung zu ihrer richtigen Verwendung. Krankenversicherungs-Abrechnung Die Leistungen werden pro volle angefangene Viertelstunde zu den folgenden S\u00e4tzen direkt mit der Grundversicherung der Krankenkasse abgerechnet: Dienstleistungen in Anwesenheit des Kunden CHF\/Stunde 105.60 Dienstleistungen bei Abwesenheit des Kunden CHF\/Stunde 79.20 Reise (Dauer) CHF\/Stunde 39.60 Fahrtstrecke (Kilometer) 0,60\/km Haben Sie weitere Fragen? Kontakt<\/p>\n","protected":false},"author":1,"featured_media":0,"parent":0,"menu_order":0,"comment_status":"closed","ping_status":"closed","template":"","meta":{"_relevanssi_hide_post":"","_relevanssi_hide_content":"","_relevanssi_pin_for_all":"","_relevanssi_pin_keywords":"","_relevanssi_unpin_keywords":"","_relevanssi_related_keywords":"","_relevanssi_related_include_ids":"","_relevanssi_related_exclude_ids":"","_relevanssi_related_no_append":"","_relevanssi_related_not_related":"","_relevanssi_related_posts":"","_relevanssi_noindex_reason":"","inline_featured_image":false,"_mbp_gutenberg_autopost":false,"_pgmb_is_evergreen":true,"_pgmb_ap_template_id":0,"footnotes":""},"class_list":["post-248497","page","type-page","status-publish","hentry"],"_links":{"self":[{"href":"https:\/\/beecare.ch\/de\/wp-json\/wp\/v2\/pages\/248497","targetHints":{"allow":["GET"]}}],"collection":[{"href":"https:\/\/beecare.ch\/de\/wp-json\/wp\/v2\/pages"}],"about":[{"href":"https:\/\/beecare.ch\/de\/wp-json\/wp\/v2\/types\/page"}],"author":[{"embeddable":true,"href":"https:\/\/beecare.ch\/de\/wp-json\/wp\/v2\/users\/1"}],"replies":[{"embeddable":true,"href":"https:\/\/beecare.ch\/de\/wp-json\/wp\/v2\/comments?post=248497"}],"version-history":[{"count":0,"href":"https:\/\/beecare.ch\/de\/wp-json\/wp\/v2\/pages\/248497\/revisions"}],"wp:attachment":[{"href":"https:\/\/beecare.ch\/de\/wp-json\/wp\/v2\/media?parent=248497"}],"curies":[{"name":"wp","href":"https:\/\/api.w.org\/{rel}","templated":true}]}}